{"id":3411,"date":"2025-09-04T13:26:31","date_gmt":"2025-09-04T13:26:31","guid":{"rendered":"https:\/\/mooc4tutors.eu\/?page_id=3411"},"modified":"2025-09-04T13:27:18","modified_gmt":"2025-09-04T13:27:18","slug":"privatumo-politika-ir-teisine-informacija","status":"publish","type":"page","link":"https:\/\/mooc4tutors.eu\/?page_id=3411&lang=lt","title":{"rendered":"Privatumo politika ir teisin\u0117 informacija"},"content":{"rendered":"\t\t<div data-elementor-type=\"wp-page\" data-elementor-id=\"3411\" class=\"elementor elementor-3411\">\n\t\t\t\t\t\t\t\t\t<section class=\"elementor-section elementor-top-section elementor-element elementor-element-e85bf71 elementor-section-boxed elementor-section-height-default elementor-section-height-default\" data-id=\"e85bf71\" data-element_type=\"section\">\n\t\t\t\t\t\t<div class=\"elementor-container elementor-column-gap-default\">\n\t\t\t\t\t<div class=\"elementor-column elementor-col-100 elementor-top-column elementor-element elementor-element-9382e33\" data-id=\"9382e33\" data-element_type=\"column\">\n\t\t\t<div class=\"elementor-widget-wrap elementor-element-populated\">\n\t\t\t\t\t\t\t\t<div class=\"elementor-element elementor-element-60d7301 elementor-widget elementor-widget-heading\" data-id=\"60d7301\" data-element_type=\"widget\" data-widget_type=\"heading.default\">\n\t\t\t\t<div class=\"elementor-widget-container\">\n\t\t\t<style>\/*! elementor - v3.18.0 - 06-12-2023 *\/\n.elementor-heading-title{padding:0;margin:0;line-height:1}.elementor-widget-heading .elementor-heading-title[class*=elementor-size-]>a{color:inherit;font-size:inherit;line-height:inherit}.elementor-widget-heading .elementor-heading-title.elementor-size-small{font-size:15px}.elementor-widget-heading .elementor-heading-title.elementor-size-medium{font-size:19px}.elementor-widget-heading .elementor-heading-title.elementor-size-large{font-size:29px}.elementor-widget-heading .elementor-heading-title.elementor-size-xl{font-size:39px}.elementor-widget-heading .elementor-heading-title.elementor-size-xxl{font-size:59px}<\/style><h2 class=\"elementor-heading-title elementor-size-default\">Privatumo politika ir teisin\u0117 informacija<\/h2>\t\t<\/div>\n\t\t\t\t<\/div>\n\t\t\t\t\t<\/div>\n\t\t<\/div>\n\t\t\t\t\t\t\t<\/div>\n\t\t<\/section>\n\t\t\t\t<section class=\"elementor-section elementor-top-section elementor-element elementor-element-407f4e1 elementor-section-boxed elementor-section-height-default elementor-section-height-default\" data-id=\"407f4e1\" data-element_type=\"section\">\n\t\t\t\t\t\t<div class=\"elementor-container elementor-column-gap-default\">\n\t\t\t\t\t<div class=\"elementor-column elementor-col-100 elementor-top-column elementor-element elementor-element-8756a5d\" data-id=\"8756a5d\" data-element_type=\"column\">\n\t\t\t<div class=\"elementor-widget-wrap elementor-element-populated\">\n\t\t\t\t\t\t\t\t<div class=\"elementor-element elementor-element-30a2172 elementor-widget elementor-widget-text-editor\" data-id=\"30a2172\" data-element_type=\"widget\" data-widget_type=\"text-editor.default\">\n\t\t\t\t<div class=\"elementor-widget-container\">\n\t\t\t<style>\/*! elementor - v3.18.0 - 06-12-2023 *\/\n.elementor-widget-text-editor.elementor-drop-cap-view-stacked .elementor-drop-cap{background-color:#69727d;color:#fff}.elementor-widget-text-editor.elementor-drop-cap-view-framed .elementor-drop-cap{color:#69727d;border:3px solid;background-color:transparent}.elementor-widget-text-editor:not(.elementor-drop-cap-view-default) .elementor-drop-cap{margin-top:8px}.elementor-widget-text-editor:not(.elementor-drop-cap-view-default) .elementor-drop-cap-letter{width:1em;height:1em}.elementor-widget-text-editor .elementor-drop-cap{float:left;text-align:center;line-height:1;font-size:50px}.elementor-widget-text-editor .elementor-drop-cap-letter{display:inline-block}<\/style>\t\t\t\t<p data-start=\"109\" data-end=\"235\">\u0160i privatumo ir duomen\u0173 apsaugos politika taikoma Mooc4Tutors svetain\u0117je (projekto numeris 2022-2-BE01-KA220-VET-000097289).<\/p><p data-start=\"237\" data-end=\"332\"><strong data-start=\"237\" data-end=\"250\">Leid\u0117jas:<\/strong><br data-start=\"250\" data-end=\"253\" \/>Logopsycom<br data-start=\"263\" data-end=\"266\" \/>Rue Gabriel Petit, 15<br data-start=\"287\" data-end=\"290\" \/>7022 Mons, Belgija<br data-start=\"308\" data-end=\"311\" \/><a class=\"decorated-link cursor-pointer\" rel=\"noopener\" data-start=\"311\" data-end=\"330\">info@logopsycom.com<\/a><\/p><p data-start=\"334\" data-end=\"641\">Mooc4Tutors projekt\u0105 finansuoja Europos S\u0105junga. Ta\u010diau \u010dia i\u0161d\u0117stytos nuomon\u0117s ir pa\u017ei\u016bros atspindi tik autori\u0173 pozicij\u0105 ir neb\u016btinai sutampa su Europos S\u0105jungos ar Europos \u0161vietimo ir kult\u016bros vykdomosios \u012fstaigos (EACEA) nuomone. Nei Europos S\u0105junga, nei EACEA negali b\u016bti laikomos atsakingomis u\u017e tai.<\/p><p data-start=\"643\" data-end=\"870\"><strong data-start=\"643\" data-end=\"670\">Svetain\u0117 talpinama pas:<\/strong><br data-start=\"670\" data-end=\"673\" \/>OVH \u2013 SAS, \u012fstatinis kapitalas 50 000 000 \u20ac<br data-start=\"716\" data-end=\"719\" \/>2 rue Kellermann, 59100 Roubaix, Pranc\u016bzija<br data-start=\"762\" data-end=\"765\" \/>RCS Lille M\u00e9tropole 424 761 419 00045 \u2013 veiklos kodas APE 2620Z<br data-start=\"828\" data-end=\"831\" \/>PVM mok\u0117tojo kodas: FR 22 424 761 419<\/p><p data-start=\"872\" data-end=\"906\"><strong>Intelektin\u0117s nuosavyb\u0117s teis\u0117s<\/strong><\/p><p data-start=\"908\" data-end=\"1069\">Visas turinys platinamas pagal \u201eCreative Commons\u201c licencij\u0105: Priskyrimas \u2013 Ne komercinis naudojimas \u2013 Analogi\u0161kas platinimas 4.0 Tarptautin\u0117 (CC BY-NC-SA 4.0).<\/p><p data-start=\"1071\" data-end=\"1095\"><strong>Hiperteksto nuorodos<\/strong><\/p><p data-start=\"1097\" data-end=\"1237\">Svetain\u0117je gali b\u016bti nuorod\u0173 \u012f tre\u010di\u0173j\u0173 \u0161ali\u0173 svetaines. Leid\u0117jas neatsako u\u017e toki\u0173 svetaini\u0173 turin\u012f ar atitikt\u012f teisiniams reikalavimams.<\/p><p data-start=\"1239\" data-end=\"1259\"><strong>Duomen\u0173 rinkimas<\/strong><\/p><p data-start=\"1261\" data-end=\"1288\"><strong data-start=\"1261\" data-end=\"1286\">Renkam\u0173 duomen\u0173 r\u016b\u0161ys<\/strong><\/p><p data-start=\"1290\" data-end=\"1356\">Gali b\u016bti renkamos ir tvarkomos \u0161ios asmens duomen\u0173 kategorijos:<\/p><ul data-start=\"1357\" data-end=\"1727\"><li data-start=\"1357\" data-end=\"1422\"><p data-start=\"1359\" data-end=\"1422\">Tapatyb\u0117s duomenys: vardas, pavard\u0117, el. pa\u0161to adresas, kalba<\/p><\/li><li data-start=\"1423\" data-end=\"1575\"><p data-start=\"1425\" data-end=\"1575\">Prieigos prie kurso duomenys: prisijungimo duomenys (vardas, pavard\u0117, el. pa\u0161tas), skirti dalyvauti Mooc4Tutors kurse (vienas i\u0161 projekto rezultat\u0173)<\/p><\/li><li data-start=\"1576\" data-end=\"1661\"><p data-start=\"1578\" data-end=\"1661\">Naudojimo duomenys: aplankyti puslapiai, s\u0105veik\u0173 \u017eurnalai ir anonimin\u0117 statistika<\/p><\/li><li data-start=\"1662\" data-end=\"1727\"><p data-start=\"1664\" data-end=\"1727\">Slapukai ir steb\u0117jimo duomenys (\u017er. \u201eSlapukai\u201c skyri\u0173 \u017eemiau)<\/p><\/li><\/ul><p data-start=\"1729\" data-end=\"1760\"><strong data-start=\"1729\" data-end=\"1758\">Kurso platformos duomenys<\/strong><\/p><p data-start=\"1762\" data-end=\"1843\">Mooc4Tutors projekto metu naudotojams suteikiama prieiga prie kurs\u0173 platformos.<\/p><p data-start=\"1845\" data-end=\"1947\">Nor\u0117dami patekti \u012f kurs\u0105, naudotojai turi prisijungti nurodydami vard\u0105, pavard\u0119 ir el. pa\u0161to adres\u0105.<\/p><p data-start=\"1949\" data-end=\"2063\">\u0160ie asmens duomenys renkami tik siekiant suteikti prieig\u0105 prie kurso, sekti pa\u017eang\u0105 ir administruoti dalyvavim\u0105.<\/p><p data-start=\"2065\" data-end=\"2244\">Duomenys, renkami prisijungiant prie kurso, tvarkomi tokiu pa\u010diu b\u016bdu kaip ir svetain\u0117je Mooc4Tutors renkami duomenys, laikantis t\u0173 pa\u010di\u0173 saugumo, saugojimo ir teisi\u0173 proced\u016br\u0173.<\/p><p data-start=\"2246\" data-end=\"2266\"><strong>Tvarkymo tikslai<\/strong><\/p><p data-start=\"2268\" data-end=\"2314\">J\u016bs\u0173 asmens duomenys renkami \u0161iais tikslais:<\/p><ul data-start=\"2315\" data-end=\"2636\"><li data-start=\"2315\" data-end=\"2381\"><p data-start=\"2317\" data-end=\"2381\">U\u017etikrinti svetain\u0117s ir kurs\u0173 platformos veikim\u0105 bei prie\u017ei\u016br\u0105<\/p><\/li><li data-start=\"2382\" data-end=\"2421\"><p data-start=\"2384\" data-end=\"2421\">Administruoti projekto komunikacij\u0105<\/p><\/li><li data-start=\"2422\" data-end=\"2477\"><p data-start=\"2424\" data-end=\"2477\">Suteikti naudotojams prieig\u0105 prie Mooc4Tutors kurso<\/p><\/li><li data-start=\"2478\" data-end=\"2550\"><p data-start=\"2480\" data-end=\"2550\">Si\u0173sti informacij\u0105 apie projekto rezultatus, jei tam dav\u0117te sutikim\u0105<\/p><\/li><li data-start=\"2551\" data-end=\"2636\"><p data-start=\"2553\" data-end=\"2636\">Sudaryti anonimin\u0119 naudojimo statistik\u0105, skirt\u0105 ataskaitoms Europos institucijoms<\/p><\/li><\/ul><p data-start=\"2638\" data-end=\"2677\"><strong>Teisinis duomen\u0173 tvarkymo pagrindas<\/strong><\/p><p data-start=\"2679\" data-end=\"2739\">J\u016bs\u0173 asmens duomenys tvarkomi \u0161iomis teisin\u0117mis s\u0105lygomis:<\/p><ul data-start=\"2740\" data-end=\"3133\"><li data-start=\"2740\" data-end=\"2813\"><p data-start=\"2742\" data-end=\"2813\">Sutikimas (BDAR 6 str. 1 d. a p.) \u2013 pvz., d\u0117l slapuk\u0173, naujienlai\u0161ki\u0173<\/p><\/li><li data-start=\"2814\" data-end=\"2907\"><p data-start=\"2816\" data-end=\"2907\">Sutarties vykdymo b\u016btinyb\u0117 (BDAR 6 str. 1 d. b p.) \u2013 pvz., prieiga prie Mooc4Tutors kurso<\/p><\/li><li data-start=\"2908\" data-end=\"3005\"><p data-start=\"2910\" data-end=\"3005\">Teisin\u0117 prievol\u0117 (BDAR 6 str. 1 d. c p.) \u2013 pvz., ataskait\u0173 teikimo reikalavimai institucijoms<\/p><\/li><li data-start=\"3006\" data-end=\"3133\"><p data-start=\"3008\" data-end=\"3133\">Teis\u0117tas interesas (BDAR 6 str. 1 d. f p.) \u2013 pvz., svetain\u0117s ir kurs\u0173 platformos saugumo u\u017etikrinimas, paslaug\u0173 tobulinimas<\/p><\/li><\/ul><p data-start=\"3135\" data-end=\"3154\"><strong>Duomen\u0173 gav\u0117jai<\/strong><\/p><p data-start=\"3156\" data-end=\"3206\">J\u016bs\u0173 duomenys gali b\u016bti perduoti \u0161iems gav\u0117jams:<\/p><p data-start=\"3208\" data-end=\"3250\">Mooc4Tutors projekto konsorciumo nariai:<\/p><ul data-start=\"3251\" data-end=\"3439\"><li data-start=\"3251\" data-end=\"3275\"><p data-start=\"3253\" data-end=\"3275\">Logopsycom (Belgija)<\/p><\/li><li data-start=\"3276\" data-end=\"3307\"><p data-start=\"3278\" data-end=\"3307\">Europass Berlin (Vokietija)<\/p><\/li><li data-start=\"3308\" data-end=\"3361\"><p data-start=\"3310\" data-end=\"3361\">LAUREA \u2013 University of Applied Sciences (Suomija)<\/p><\/li><li data-start=\"3362\" data-end=\"3392\"><p data-start=\"3364\" data-end=\"3392\">Euphoria Net Srl (Italija)<\/p><\/li><li data-start=\"3393\" data-end=\"3439\"><p data-start=\"3395\" data-end=\"3439\">Kauno \u0161vietimo inovacij\u0173 centras (Lietuva)<\/p><\/li><\/ul><p data-start=\"3441\" data-end=\"3477\">Talpinimo paslaug\u0173 teik\u0117jas (OVH).<\/p><p data-start=\"3479\" data-end=\"3506\"><strong>Tarptautinis perdavimas<\/strong><\/p><p data-start=\"3508\" data-end=\"3672\">Duomenys paprastai saugomi ES\/EEE teritorijoje. Jei duomenys perduodami u\u017e ES rib\u0173, taikomos atitinkamos apsaugos priemon\u0117s (pvz., standartin\u0117s sutar\u010di\u0173 s\u0105lygos).<\/p><p data-start=\"3674\" data-end=\"3696\"><strong>Duomen\u0173 saugojimas<\/strong><\/p><p data-start=\"3698\" data-end=\"3844\">Asmens duomenys bus saugomi tik tiek laiko, kiek b\u016btina auk\u0161\u010diau nurodytais tikslais, taip pat siekiant \u012fvykdyti teisines prievoles. Konkre\u010diai:<\/p><ul data-start=\"3845\" data-end=\"4063\"><li data-start=\"3845\" data-end=\"3964\"><p data-start=\"3847\" data-end=\"3964\">Naudotojo paskyros \/ kontaktiniai \/ prisijungimo prie kurso duomenys: i\u0161trinami po 24 m\u0117nesi\u0173 nuo projekto pabaigos<\/p><\/li><li data-start=\"3965\" data-end=\"4027\"><p data-start=\"3967\" data-end=\"4027\">Naudojimo statistika: anonimizuojama i\u0161 karto po surinkimo<\/p><\/li><li data-start=\"4028\" data-end=\"4063\"><p data-start=\"4030\" data-end=\"4063\">Slapukai: \u017er. \u201eSlapukai\u201c skyri\u0173<\/p><\/li><\/ul><p data-start=\"4065\" data-end=\"4085\"><strong>Naudotoj\u0173 teis\u0117s<\/strong><\/p><p data-start=\"4087\" data-end=\"4113\">Pagal BDAR turite teis\u0119:<\/p><ul data-start=\"4114\" data-end=\"4405\"><li data-start=\"4114\" data-end=\"4148\"><p data-start=\"4116\" data-end=\"4148\">Susipa\u017einti su savo duomenimis<\/p><\/li><li data-start=\"4149\" data-end=\"4196\"><p data-start=\"4151\" data-end=\"4196\">I\u0161taisyti netikslius ar nei\u0161samius duomenis<\/p><\/li><li data-start=\"4197\" data-end=\"4251\"><p data-start=\"4199\" data-end=\"4251\">Pra\u0161yti i\u0161trinti duomenis (\u201eteis\u0117 b\u016bti pamir\u0161tam\u201c)<\/p><\/li><li data-start=\"4252\" data-end=\"4281\"><p data-start=\"4254\" data-end=\"4281\">Apriboti duomen\u0173 tvarkym\u0105<\/p><\/li><li data-start=\"4282\" data-end=\"4315\"><p data-start=\"4284\" data-end=\"4315\">Nesutikti su duomen\u0173 tvarkymu<\/p><\/li><li data-start=\"4316\" data-end=\"4353\"><p data-start=\"4318\" data-end=\"4353\">Gauti duomenis perkeliamu formatu<\/p><\/li><li data-start=\"4354\" data-end=\"4405\"><p data-start=\"4356\" data-end=\"4405\">Bet kuriuo metu at\u0161aukti sutikim\u0105 (jei taikoma)<\/p><\/li><\/ul><p data-start=\"4407\" data-end=\"4484\">\u0160iomis teis\u0117mis galite pasinaudoti susisiek\u0119 el. pa\u0161tu: <a class=\"decorated-link cursor-pointer\" rel=\"noopener\" data-start=\"4463\" data-end=\"4482\">info@logopsycom.com<\/a><\/p><p data-start=\"4486\" data-end=\"4636\">Jei leid\u0117jas negali \u012fvykdyti j\u016bs\u0173 pra\u0161ymo, galite kreiptis \u012f Belgijos duomen\u0173 apsaugos institucij\u0105:<br data-start=\"4585\" data-end=\"4588\" \/><a class=\"decorated-link\" href=\"https:\/\/www.gegevensbeschermingsautoriteit.be\/?utm_source=chatgpt.com\" target=\"_new\" rel=\"noopener\" data-start=\"4588\" data-end=\"4634\">https:\/\/www.gegevensbeschermingsautoriteit.be\/<\/a><\/p><p data-start=\"4638\" data-end=\"4676\"><strong>Automatizuotas sprendim\u0173 pri\u0117mimas<\/strong><\/p><p data-start=\"4678\" data-end=\"4803\">\u0160ioje svetain\u0117je ar kurs\u0173 platformoje netaikomas jokio pob\u016bd\u017eio automatizuotas sprendim\u0173 pri\u0117mimas, \u012fskaitant profiliavim\u0105.<\/p><p data-start=\"4805\" data-end=\"4842\"><strong>Duomen\u0173 apsaugos pareig\u016bnas (DPO)<\/strong><\/p><p data-start=\"4844\" data-end=\"4988\">Logopsycom n\u0117ra paskyr\u0119s duomen\u0173 apsaugos pareig\u016bno. D\u0117l vis\u0173 su duomenimis susijusi\u0173 klausim\u0173 pra\u0161ome kreiptis el. pa\u0161tu: <a class=\"decorated-link cursor-pointer\" rel=\"noopener\" data-start=\"4967\" data-end=\"4986\">info@logopsycom.com<\/a><\/p><p data-start=\"4990\" data-end=\"5002\"><strong>Slapukai<\/strong><\/p><p data-start=\"5004\" data-end=\"5102\">\u0160i svetain\u0117 ir kurs\u0173 platforma naudoja slapukus, kad pagerint\u0173 interaktyvum\u0105 ir paslaug\u0173 kokyb\u0119.<\/p><p data-start=\"5104\" data-end=\"5130\"><strong data-start=\"5104\" data-end=\"5128\">Slapuk\u0173 kategorijos:<\/strong><\/p><ul data-start=\"5131\" data-end=\"5476\"><li data-start=\"5131\" data-end=\"5201\"><p data-start=\"5133\" data-end=\"5201\">B\u016btini slapukai: b\u016btini, kad svetain\u0117 ir platforma tinkamai veikt\u0173<\/p><\/li><li data-start=\"5202\" data-end=\"5286\"><p data-start=\"5204\" data-end=\"5286\">Analitiniai slapukai: naudojami anoniminei statistikai rinkti [Google Analytics]<\/p><\/li><li data-start=\"5287\" data-end=\"5367\"><p data-start=\"5289\" data-end=\"5367\">Funkciniai slapukai: skirti patogumui pagerinti (pvz., i\u0161saugoti nustatymus)<\/p><\/li><li data-start=\"5368\" data-end=\"5476\"><p data-start=\"5370\" data-end=\"5476\">Tre\u010di\u0173j\u0173 \u0161ali\u0173 slapukai: gali b\u016bti naudojami \u012fterptini\u0173 paslaug\u0173 (pvz., vaizdo \u012fra\u0161\u0173, socialini\u0173 tinkl\u0173)<\/p><\/li><\/ul><p data-start=\"5478\" data-end=\"5505\"><strong data-start=\"5478\" data-end=\"5503\">Sutikimas d\u0117l slapuk\u0173<\/strong><\/p><p data-start=\"5507\" data-end=\"5719\">Pirm\u0105 kart\u0105 apsilank\u0119 svetain\u0117je, matysite slapuk\u0173 juost\u0105, kuri informuos apie slapuk\u0173 naudojim\u0105 ir leis pasirinkti nustatymus. Bet kada galite pakeisti nustatymus naudodamiesi slapuk\u0173 juosta puslapio apa\u010dioje.<\/p><p data-start=\"5721\" data-end=\"5763\"><strong data-start=\"5721\" data-end=\"5761\">Saugojimo laikotarpis: [6 m\u0117nesiai].<\/strong><\/p>\t\t\t\t\t\t<\/div>\n\t\t\t\t<\/div>\n\t\t\t\t\t<\/div>\n\t\t<\/div>\n\t\t\t\t\t\t\t<\/div>\n\t\t<\/section>\n\t\t\t\t\t\t\t<\/div>\n\t\t","protected":false},"excerpt":{"rendered":"<p>Privatumo politika ir teisin\u0117 informacija \u0160i privatumo ir duomen\u0173 apsaugos politika taikoma Mooc4Tutors svetain\u0117je (projekto numeris 2022-2-BE01-KA220-VET-000097289). Leid\u0117jas:LogopsycomRue Gabriel Petit, 157022 Mons, Belgijainfo@logopsycom.com Mooc4Tutors projekt\u0105 finansuoja Europos S\u0105junga. Ta\u010diau \u010dia i\u0161d\u0117stytos nuomon\u0117s ir pa\u017ei\u016bros atspindi tik autori\u0173 pozicij\u0105 ir neb\u016btinai sutampa su Europos S\u0105jungos ar Europos \u0161vietimo ir kult\u016bros vykdomosios \u012fstaigos (EACEA) nuomone. Nei Europos &hellip;<\/p>\n<p class=\"read-more\"> <a class=\"\" href=\"https:\/\/mooc4tutors.eu\/?page_id=3411&#038;lang=lt\"> <span class=\"screen-reader-text\">Privatumo politika ir teisin\u0117 informacija<\/span> Read More &raquo;<\/a><\/p>\n","protected":false},"author":1,"featured_media":0,"parent":0,"menu_order":0,"comment_status":"closed","ping_status":"closed","template":"","meta":{"site-sidebar-layout":"no-sidebar","site-content-layout":"page-builder","ast-global-header-display":"","ast-banner-title-visibility":"","ast-main-header-display":"","ast-hfb-above-header-display":"","ast-hfb-below-header-display":"","ast-hfb-mobile-header-display":"","site-post-title":"disabled","ast-breadcrumbs-content":"","ast-featured-img":"disabled","footer-sml-layout":"","theme-transparent-header-meta":"","adv-header-id-meta":"","stick-header-meta":"","header-above-stick-meta":"","header-main-stick-meta":"","header-below-stick-meta":"","footnotes":""},"class_list":["post-3411","page","type-page","status-publish","hentry"],"_links":{"self":[{"href":"https:\/\/mooc4tutors.eu\/index.php?rest_route=\/wp\/v2\/pages\/3411","targetHints":{"allow":["GET"]}}],"collection":[{"href":"https:\/\/mooc4tutors.eu\/index.php?rest_route=\/wp\/v2\/pages"}],"about":[{"href":"https:\/\/mooc4tutors.eu\/index.php?rest_route=\/wp\/v2\/types\/page"}],"author":[{"embeddable":true,"href":"https:\/\/mooc4tutors.eu\/index.php?rest_route=\/wp\/v2\/users\/1"}],"replies":[{"embeddable":true,"href":"https:\/\/mooc4tutors.eu\/index.php?rest_route=%2Fwp%2Fv2%2Fcomments&post=3411"}],"version-history":[{"count":4,"href":"https:\/\/mooc4tutors.eu\/index.php?rest_route=\/wp\/v2\/pages\/3411\/revisions"}],"predecessor-version":[{"id":3415,"href":"https:\/\/mooc4tutors.eu\/index.php?rest_route=\/wp\/v2\/pages\/3411\/revisions\/3415"}],"wp:attachment":[{"href":"https:\/\/mooc4tutors.eu\/index.php?rest_route=%2Fwp%2Fv2%2Fmedia&parent=3411"}],"curies":[{"name":"wp","href":"https:\/\/api.w.org\/{rel}","templated":true}]}}