{"id":3403,"date":"2025-09-04T13:09:04","date_gmt":"2025-09-04T13:09:04","guid":{"rendered":"https:\/\/mooc4tutors.eu\/?page_id=3403"},"modified":"2025-09-04T13:13:45","modified_gmt":"2025-09-04T13:13:45","slug":"datenschutzrichtlinie-und-rechtliche-hinweise","status":"publish","type":"page","link":"https:\/\/mooc4tutors.eu\/?page_id=3403&lang=de","title":{"rendered":"Datenschutzrichtlinie und rechtliche Hinweise"},"content":{"rendered":"\t\t<div data-elementor-type=\"wp-page\" data-elementor-id=\"3403\" class=\"elementor elementor-3403\">\n\t\t\t\t\t\t\t\t\t<section class=\"elementor-section elementor-top-section elementor-element elementor-element-e85bf71 elementor-section-boxed elementor-section-height-default elementor-section-height-default\" data-id=\"e85bf71\" data-element_type=\"section\">\n\t\t\t\t\t\t<div class=\"elementor-container elementor-column-gap-default\">\n\t\t\t\t\t<div class=\"elementor-column elementor-col-100 elementor-top-column elementor-element elementor-element-9382e33\" data-id=\"9382e33\" data-element_type=\"column\">\n\t\t\t<div class=\"elementor-widget-wrap elementor-element-populated\">\n\t\t\t\t\t\t\t\t<div class=\"elementor-element elementor-element-60d7301 elementor-widget elementor-widget-heading\" data-id=\"60d7301\" data-element_type=\"widget\" data-widget_type=\"heading.default\">\n\t\t\t\t<div class=\"elementor-widget-container\">\n\t\t\t<style>\/*! elementor - v3.18.0 - 06-12-2023 *\/\n.elementor-heading-title{padding:0;margin:0;line-height:1}.elementor-widget-heading .elementor-heading-title[class*=elementor-size-]>a{color:inherit;font-size:inherit;line-height:inherit}.elementor-widget-heading .elementor-heading-title.elementor-size-small{font-size:15px}.elementor-widget-heading .elementor-heading-title.elementor-size-medium{font-size:19px}.elementor-widget-heading .elementor-heading-title.elementor-size-large{font-size:29px}.elementor-widget-heading .elementor-heading-title.elementor-size-xl{font-size:39px}.elementor-widget-heading .elementor-heading-title.elementor-size-xxl{font-size:59px}<\/style><h2 class=\"elementor-heading-title elementor-size-default\">Privacy Policy and Legal Information<\/h2>\t\t<\/div>\n\t\t\t\t<\/div>\n\t\t\t\t\t<\/div>\n\t\t<\/div>\n\t\t\t\t\t\t\t<\/div>\n\t\t<\/section>\n\t\t\t\t<section class=\"elementor-section elementor-top-section elementor-element elementor-element-407f4e1 elementor-section-boxed elementor-section-height-default elementor-section-height-default\" data-id=\"407f4e1\" data-element_type=\"section\">\n\t\t\t\t\t\t<div class=\"elementor-container elementor-column-gap-default\">\n\t\t\t\t\t<div class=\"elementor-column elementor-col-100 elementor-top-column elementor-element elementor-element-8756a5d\" data-id=\"8756a5d\" data-element_type=\"column\">\n\t\t\t<div class=\"elementor-widget-wrap elementor-element-populated\">\n\t\t\t\t\t\t\t\t<div class=\"elementor-element elementor-element-30a2172 elementor-widget elementor-widget-text-editor\" data-id=\"30a2172\" data-element_type=\"widget\" data-widget_type=\"text-editor.default\">\n\t\t\t\t<div class=\"elementor-widget-container\">\n\t\t\t<style>\/*! elementor - v3.18.0 - 06-12-2023 *\/\n.elementor-widget-text-editor.elementor-drop-cap-view-stacked .elementor-drop-cap{background-color:#69727d;color:#fff}.elementor-widget-text-editor.elementor-drop-cap-view-framed .elementor-drop-cap{color:#69727d;border:3px solid;background-color:transparent}.elementor-widget-text-editor:not(.elementor-drop-cap-view-default) .elementor-drop-cap{margin-top:8px}.elementor-widget-text-editor:not(.elementor-drop-cap-view-default) .elementor-drop-cap-letter{width:1em;height:1em}.elementor-widget-text-editor .elementor-drop-cap{float:left;text-align:center;line-height:1;font-size:50px}.elementor-widget-text-editor .elementor-drop-cap-letter{display:inline-block}<\/style>\t\t\t\t<p data-start=\"138\" data-end=\"264\">Diese Datenschutz- und Datenrichtlinie betrifft die Website von Mooc4Tutors (Projektnummer 2022-2-BE01-KA220-VET-000097289).<\/p><p data-start=\"266\" data-end=\"364\"><strong data-start=\"266\" data-end=\"282\">Herausgeber:<\/strong><br data-start=\"282\" data-end=\"285\" \/>Logopsycom<br data-start=\"295\" data-end=\"298\" \/>Rue Gabriel Petit, 15<br data-start=\"319\" data-end=\"322\" \/>7022 Mons, Belgien<br data-start=\"340\" data-end=\"343\" \/><a class=\"decorated-link cursor-pointer\" rel=\"noopener\" data-start=\"343\" data-end=\"362\">info@logopsycom.com<\/a><\/p><p data-start=\"366\" data-end=\"749\">Das Mooc4Tutors-Projekt wird von der Europ\u00e4ischen Union finanziert. Die ge\u00e4u\u00dferten Ansichten und Meinungen liegen jedoch ausschlie\u00dflich bei den Autor\u00b7innen und spiegeln nicht notwendigerweise die der Europ\u00e4ischen Union oder der Europ\u00e4ischen Exekutivagentur f\u00fcr Bildung und Kultur (EACEA) wider. Weder die Europ\u00e4ische Union noch die EACEA k\u00f6nnen daf\u00fcr verantwortlich gemacht werden.<\/p><p data-start=\"751\" data-end=\"998\"><strong data-start=\"751\" data-end=\"785\">Die Website wird gehostet von:<\/strong><br data-start=\"785\" data-end=\"788\" \/>OVH \u2013 SAS mit einem Stammkapital von 50.000.000 \u20ac<br data-start=\"837\" data-end=\"840\" \/>2 rue Kellermann, 59100 Roubaix, Frankreich<br data-start=\"883\" data-end=\"886\" \/>RCS Lille M\u00e9tropole 424 761 419 00045 \u2013 Code APE 2620Z<br data-start=\"940\" data-end=\"943\" \/>Umsatzsteuer-Identifikationsnummer: FR 22 424 761 419<\/p><p data-start=\"1000\" data-end=\"1017\"><strong>Urheberrechte<\/strong><\/p><p data-start=\"1019\" data-end=\"1195\">Alle Inhalte werden unter der Creative Commons-Lizenz verteilt: Namensnennung \u2013 Nicht kommerziell \u2013 Weitergabe unter gleichen Bedingungen 4.0 International (CC BY-NC-SA 4.0).<\/p><p data-start=\"1197\" data-end=\"1211\"><strong>Hyperlinks<\/strong><\/p><p data-start=\"1213\" data-end=\"1396\">Die Website kann Hyperlinks zu Websites Dritter enthalten. Der Herausgeber ist nicht verantwortlich f\u00fcr deren Inhalte oder die Einhaltung rechtlicher Vorschriften auf diesen Seiten.<\/p><p data-start=\"1398\" data-end=\"1415\"><strong>Datenerhebung<\/strong><\/p><p data-start=\"1417\" data-end=\"1448\"><strong data-start=\"1417\" data-end=\"1446\">Arten der erhobenen Daten<\/strong><\/p><p data-start=\"1450\" data-end=\"1531\">Wir k\u00f6nnen folgende Kategorien personenbezogener Daten erheben und verarbeiten:<\/p><ul data-start=\"1532\" data-end=\"1867\"><li data-start=\"1532\" data-end=\"1596\"><p data-start=\"1534\" data-end=\"1596\">Identifikationsdaten: Name, Vorname, E-Mail-Adresse, Sprache<\/p><\/li><li data-start=\"1597\" data-end=\"1719\"><p data-start=\"1599\" data-end=\"1719\">Kurszugangsdaten: Anmeldedaten (Name, Vorname, E-Mail) zur Teilnahme am Mooc4Tutors-Kurs (eines der Projektergebnisse)<\/p><\/li><li data-start=\"1720\" data-end=\"1802\"><p data-start=\"1722\" data-end=\"1802\">Nutzungsdaten: Besuchte Seiten, Interaktionsprotokolle und anonyme Statistiken<\/p><\/li><li data-start=\"1803\" data-end=\"1867\"><p data-start=\"1805\" data-end=\"1867\">Cookies und Tracking-Daten (siehe Abschnitt \u201eCookies\u201c unten)<\/p><\/li><\/ul><p data-start=\"1869\" data-end=\"1894\"><strong data-start=\"1869\" data-end=\"1892\">Kursplattform-Daten<\/strong><\/p><p data-start=\"1896\" data-end=\"1997\">Im Rahmen des Mooc4Tutors-Projekts wird den Nutzer\u00b7innen eine Kursplattform zur Verf\u00fcgung gestellt.<\/p><p data-start=\"1999\" data-end=\"2098\">F\u00fcr den Zugang zum Kurs m\u00fcssen sich Nutzer\u00b7innen mit Namen, Vornamen und E-Mail-Adresse anmelden.<\/p><p data-start=\"2100\" data-end=\"2256\">Diese personenbezogenen Daten werden ausschlie\u00dflich zum Zweck der Kursbereitstellung, der Fortschrittsverfolgung und der Verwaltung der Teilnahme erhoben.<\/p><p data-start=\"2258\" data-end=\"2441\">Die f\u00fcr den Kurszugang erhobenen Daten werden genauso behandelt wie die \u00fcber die Mooc4Tutors-Website erhobenen und folgen denselben Verfahren zu Sicherheit, Speicherung und Rechten.<\/p><p data-start=\"2443\" data-end=\"2470\"><strong>Zwecke der Verarbeitung<\/strong><\/p><p data-start=\"2472\" data-end=\"2539\">Ihre personenbezogenen Daten werden zu folgenden Zwecken erhoben:<\/p><ul data-start=\"2540\" data-end=\"2889\"><li data-start=\"2540\" data-end=\"2604\"><p data-start=\"2542\" data-end=\"2604\">Bereitstellung und Wartung der Website und der Kursplattform<\/p><\/li><li data-start=\"2605\" data-end=\"2654\"><p data-start=\"2607\" data-end=\"2654\">Verwaltung der projektbezogenen Kommunikation<\/p><\/li><li data-start=\"2655\" data-end=\"2710\"><p data-start=\"2657\" data-end=\"2710\">Erm\u00f6glichung des Nutzerzugangs zum Mooc4Tutors-Kurs<\/p><\/li><li data-start=\"2711\" data-end=\"2795\"><p data-start=\"2713\" data-end=\"2795\">Zusendung von Informationen zu Projektergebnissen, sofern Sie eingewilligt haben<\/p><\/li><li data-start=\"2796\" data-end=\"2889\"><p data-start=\"2798\" data-end=\"2889\">Erstellung anonymer Nutzungsstatistiken f\u00fcr die Berichterstattung an europ\u00e4ische Beh\u00f6rden<\/p><\/li><\/ul><p data-start=\"2891\" data-end=\"2928\"><strong>Rechtsgrundlagen der Verarbeitung<\/strong><\/p><p data-start=\"2930\" data-end=\"3008\">Wir verarbeiten Ihre personenbezogenen Daten auf folgenden Rechtsgrundlagen:<\/p><ul data-start=\"3009\" data-end=\"3406\"><li data-start=\"3009\" data-end=\"3078\"><p data-start=\"3011\" data-end=\"3078\">Einwilligung (Art. 6(1)(a) DSGVO) \u2013 z. B. f\u00fcr Cookies, Newsletter<\/p><\/li><li data-start=\"3079\" data-end=\"3165\"><p data-start=\"3081\" data-end=\"3165\">Vertragserf\u00fcllung (Art. 6(1)(b) DSGVO) \u2013 z. B. f\u00fcr den Zugang zum Mooc4Tutors-Kurs<\/p><\/li><li data-start=\"3166\" data-end=\"3261\"><p data-start=\"3168\" data-end=\"3261\">Gesetzliche Verpflichtung (Art. 6(1)(c) DSGVO) \u2013 z. B. Berichtspflichten gegen\u00fcber Beh\u00f6rden<\/p><\/li><li data-start=\"3262\" data-end=\"3406\"><p data-start=\"3264\" data-end=\"3406\">Berechtigtes Interesse (Art. 6(1)(f) DSGVO) \u2013 z. B. Sicherstellung der Sicherheit von Website und Kursplattform und Verbesserung der Dienste<\/p><\/li><\/ul><p data-start=\"3408\" data-end=\"3426\"><strong>Datenempf\u00e4nger<\/strong><\/p><p data-start=\"3428\" data-end=\"3472\">Ihre Daten k\u00f6nnen weitergegeben werden an:<\/p><p data-start=\"3474\" data-end=\"3522\">Konsortialmitglieder des Mooc4Tutors-Projekts:<\/p><ul data-start=\"3523\" data-end=\"3714\"><li data-start=\"3523\" data-end=\"3547\"><p data-start=\"3525\" data-end=\"3547\">Logopsycom (Belgien)<\/p><\/li><li data-start=\"3548\" data-end=\"3581\"><p data-start=\"3550\" data-end=\"3581\">Europass Berlin (Deutschland)<\/p><\/li><li data-start=\"3582\" data-end=\"3636\"><p data-start=\"3584\" data-end=\"3636\">LAUREA \u2013 University of Applied Sciences (Finnland)<\/p><\/li><li data-start=\"3637\" data-end=\"3667\"><p data-start=\"3639\" data-end=\"3667\">Euphoria Net Srl (Italien)<\/p><\/li><li data-start=\"3668\" data-end=\"3714\"><p data-start=\"3670\" data-end=\"3714\">Kauno \u0161vietimo inovacij\u0173 centras (Litauen)<\/p><\/li><\/ul><p data-start=\"3716\" data-end=\"3741\">Hosting-Anbieter (OVH).<\/p><p data-start=\"3743\" data-end=\"3776\"><strong>Internationale \u00dcbermittlungen<\/strong><\/p><p data-start=\"3778\" data-end=\"3962\">Daten werden in der Regel innerhalb der EU\/des EWR gespeichert. Wenn Daten au\u00dferhalb der EU \u00fcbertragen werden, werden geeignete Garantien angewendet (z. B. Standardvertragsklauseln).<\/p><p data-start=\"3964\" data-end=\"3990\"><strong>Aufbewahrung von Daten<\/strong><\/p><p data-start=\"3992\" data-end=\"4163\">Personenbezogene Daten werden nur so lange gespeichert, wie es f\u00fcr die oben beschriebenen Zwecke erforderlich ist und um rechtliche Verpflichtungen zu erf\u00fcllen. Konkret:<\/p><ul data-start=\"4164\" data-end=\"4347\"><li data-start=\"4164\" data-end=\"4244\"><p data-start=\"4166\" data-end=\"4244\">Nutzerkonten-\/Kontakt-\/Kurszugangsdaten: L\u00f6schung 24 Monate nach Projektende<\/p><\/li><li data-start=\"4245\" data-end=\"4308\"><p data-start=\"4247\" data-end=\"4308\">Nutzungsstatistiken: sofortige Anonymisierung nach Erhebung<\/p><\/li><li data-start=\"4309\" data-end=\"4347\"><p data-start=\"4311\" data-end=\"4347\">Cookies: siehe Abschnitt \u201eCookies\u201c<\/p><\/li><\/ul><p data-start=\"4349\" data-end=\"4376\"><strong>Rechte der Nutzer\u00b7innen<\/strong><\/p><p data-start=\"4378\" data-end=\"4419\">Nach der DSGVO haben Sie das Recht auf:<\/p><ul data-start=\"4420\" data-end=\"4703\"><li data-start=\"4420\" data-end=\"4445\"><p data-start=\"4422\" data-end=\"4445\">Zugang zu Ihren Daten<\/p><\/li><li data-start=\"4446\" data-end=\"4501\"><p data-start=\"4448\" data-end=\"4501\">Berichtigung unrichtiger oder unvollst\u00e4ndiger Daten<\/p><\/li><li data-start=\"4502\" data-end=\"4544\"><p data-start=\"4504\" data-end=\"4544\">L\u00f6schung (\u201eRecht auf Vergessenwerden\u201c)<\/p><\/li><li data-start=\"4545\" data-end=\"4579\"><p data-start=\"4547\" data-end=\"4579\">Einschr\u00e4nkung der Verarbeitung<\/p><\/li><li data-start=\"4580\" data-end=\"4618\"><p data-start=\"4582\" data-end=\"4618\">Widerspruch gegen die Verarbeitung<\/p><\/li><li data-start=\"4619\" data-end=\"4643\"><p data-start=\"4621\" data-end=\"4643\">Daten\u00fcbertragbarkeit<\/p><\/li><li data-start=\"4644\" data-end=\"4703\"><p data-start=\"4646\" data-end=\"4703\">Widerruf der Einwilligung jederzeit (soweit zutreffend)<\/p><\/li><\/ul><p data-start=\"4705\" data-end=\"4788\">Sie k\u00f6nnen diese Rechte aus\u00fcben, indem Sie Kontakt aufnehmen: <a class=\"decorated-link cursor-pointer\" rel=\"noopener\" data-start=\"4767\" data-end=\"4786\">info@logopsycom.com<\/a><\/p><p data-start=\"4790\" data-end=\"4957\">Falls der Herausgeber Ihrer Anfrage nicht nachkommen kann, k\u00f6nnen Sie die Belgische Datenschutzbeh\u00f6rde kontaktieren:<br data-start=\"4906\" data-end=\"4909\" \/><a class=\"decorated-link\" href=\"https:\/\/www.gegevensbeschermingsautoriteit.be\/?utm_source=chatgpt.com\" target=\"_new\" rel=\"noopener\" data-start=\"4909\" data-end=\"4955\">https:\/\/www.gegevensbeschermingsautoriteit.be\/<\/a><\/p><p data-start=\"4959\" data-end=\"4998\"><strong>Automatisierte Entscheidungsfindung<\/strong><\/p><p data-start=\"5000\" data-end=\"5129\">Es findet keine automatisierte Entscheidungsfindung, einschlie\u00dflich Profiling, auf dieser Website oder der Kursplattform statt.<\/p><p data-start=\"5131\" data-end=\"5159\"><strong>Datenschutzbeauftragte\u00b7r<\/strong><\/p><p data-start=\"5161\" data-end=\"5290\">Logopsycom hat keine<em data-start=\"5181\" data-end=\"5207\">n Datenschutzbeauftragte<\/em>n benannt. F\u00fcr alle Fragen zu Daten wenden Sie sich bitte an <a class=\"decorated-link cursor-pointer\" rel=\"noopener\" data-start=\"5268\" data-end=\"5287\">info@logopsycom.com<\/a>.<\/p><p data-start=\"5292\" data-end=\"5303\"><strong>Cookies<\/strong><\/p><p data-start=\"5305\" data-end=\"5406\">Diese Website und die Kursplattform verwenden Cookies, um Interaktivit\u00e4t und Dienste zu verbessern.<\/p><p data-start=\"5408\" data-end=\"5436\"><strong data-start=\"5408\" data-end=\"5434\">Kategorien von Cookies<\/strong><\/p><ul data-start=\"5437\" data-end=\"5830\"><li data-start=\"5437\" data-end=\"5544\"><p data-start=\"5439\" data-end=\"5544\">Unbedingt erforderliche Cookies: notwendig f\u00fcr die Funktionsf\u00e4higkeit der Website und der Kursplattform<\/p><\/li><li data-start=\"5545\" data-end=\"5618\"><p data-start=\"5547\" data-end=\"5618\">Analyse-Cookies: zur Erhebung anonymer Statistiken [Google Analytics]<\/p><\/li><li data-start=\"5619\" data-end=\"5723\"><p data-start=\"5621\" data-end=\"5723\">Funktionale Cookies: zur Verbesserung der Benutzerfreundlichkeit (z. B. Speichern von Einstellungen)<\/p><\/li><li data-start=\"5724\" data-end=\"5830\"><p data-start=\"5726\" data-end=\"5830\">Drittanbieter-Cookies: k\u00f6nnen von eingebetteten Diensten gesetzt werden (z. B. Videos, soziale Medien)<\/p><\/li><\/ul><p data-start=\"5832\" data-end=\"5857\"><strong data-start=\"5832\" data-end=\"5855\">Cookie-Einwilligung<\/strong><\/p><p data-start=\"5859\" data-end=\"6091\">Beim ersten Besuch dieser Website informiert Sie ein Cookie-Banner \u00fcber Cookies und erm\u00f6glicht Ihnen die Einstellung von Pr\u00e4ferenzen. Sie k\u00f6nnen Ihre Pr\u00e4ferenzen jederzeit \u00fcber das Banner am unteren Rand der Website aktualisieren.<\/p><p data-start=\"6093\" data-end=\"6120\">Speicherdauer: [6 Monate]<\/p>\t\t\t\t\t\t<\/div>\n\t\t\t\t<\/div>\n\t\t\t\t\t<\/div>\n\t\t<\/div>\n\t\t\t\t\t\t\t<\/div>\n\t\t<\/section>\n\t\t\t\t\t\t\t<\/div>\n\t\t","protected":false},"excerpt":{"rendered":"<p>Privacy Policy and Legal Information Diese Datenschutz- und Datenrichtlinie betrifft die Website von Mooc4Tutors (Projektnummer 2022-2-BE01-KA220-VET-000097289). Herausgeber:LogopsycomRue Gabriel Petit, 157022 Mons, Belgieninfo@logopsycom.com Das Mooc4Tutors-Projekt wird von der Europ\u00e4ischen Union finanziert. Die ge\u00e4u\u00dferten Ansichten und Meinungen liegen jedoch ausschlie\u00dflich bei den Autor\u00b7innen und spiegeln nicht notwendigerweise die der Europ\u00e4ischen Union oder der Europ\u00e4ischen Exekutivagentur f\u00fcr Bildung &hellip;<\/p>\n<p class=\"read-more\"> <a class=\"\" href=\"https:\/\/mooc4tutors.eu\/?page_id=3403&#038;lang=de\"> <span class=\"screen-reader-text\">Datenschutzrichtlinie und rechtliche Hinweise<\/span> Read More &raquo;<\/a><\/p>\n","protected":false},"author":1,"featured_media":0,"parent":0,"menu_order":0,"comment_status":"closed","ping_status":"closed","template":"","meta":{"site-sidebar-layout":"no-sidebar","site-content-layout":"page-builder","ast-global-header-display":"","ast-banner-title-visibility":"","ast-main-header-display":"","ast-hfb-above-header-display":"","ast-hfb-below-header-display":"","ast-hfb-mobile-header-display":"","site-post-title":"disabled","ast-breadcrumbs-content":"","ast-featured-img":"disabled","footer-sml-layout":"","theme-transparent-header-meta":"","adv-header-id-meta":"","stick-header-meta":"","header-above-stick-meta":"","header-main-stick-meta":"","header-below-stick-meta":"","footnotes":""},"class_list":["post-3403","page","type-page","status-publish","hentry"],"_links":{"self":[{"href":"https:\/\/mooc4tutors.eu\/index.php?rest_route=\/wp\/v2\/pages\/3403","targetHints":{"allow":["GET"]}}],"collection":[{"href":"https:\/\/mooc4tutors.eu\/index.php?rest_route=\/wp\/v2\/pages"}],"about":[{"href":"https:\/\/mooc4tutors.eu\/index.php?rest_route=\/wp\/v2\/types\/page"}],"author":[{"embeddable":true,"href":"https:\/\/mooc4tutors.eu\/index.php?rest_route=\/wp\/v2\/users\/1"}],"replies":[{"embeddable":true,"href":"https:\/\/mooc4tutors.eu\/index.php?rest_route=%2Fwp%2Fv2%2Fcomments&post=3403"}],"version-history":[{"count":7,"href":"https:\/\/mooc4tutors.eu\/index.php?rest_route=\/wp\/v2\/pages\/3403\/revisions"}],"predecessor-version":[{"id":3410,"href":"https:\/\/mooc4tutors.eu\/index.php?rest_route=\/wp\/v2\/pages\/3403\/revisions\/3410"}],"wp:attachment":[{"href":"https:\/\/mooc4tutors.eu\/index.php?rest_route=%2Fwp%2Fv2%2Fmedia&parent=3403"}],"curies":[{"name":"wp","href":"https:\/\/api.w.org\/{rel}","templated":true}]}}