{"id":3388,"date":"2025-09-04T12:35:19","date_gmt":"2025-09-04T12:35:19","guid":{"rendered":"https:\/\/mooc4tutors.eu\/?page_id=3388"},"modified":"2025-09-04T13:44:32","modified_gmt":"2025-09-04T13:44:32","slug":"politique-de-confidentialite-et-informations-juridiques","status":"publish","type":"page","link":"https:\/\/mooc4tutors.eu\/?page_id=3388&lang=fr","title":{"rendered":"Politique de confidentialit\u00e9 et informations juridiques"},"content":{"rendered":"\t\t<div data-elementor-type=\"wp-page\" data-elementor-id=\"3388\" class=\"elementor elementor-3388\">\n\t\t\t\t\t\t\t\t\t<section class=\"elementor-section elementor-top-section elementor-element elementor-element-e85bf71 elementor-section-boxed elementor-section-height-default elementor-section-height-default\" data-id=\"e85bf71\" data-element_type=\"section\">\n\t\t\t\t\t\t<div class=\"elementor-container elementor-column-gap-default\">\n\t\t\t\t\t<div class=\"elementor-column elementor-col-100 elementor-top-column elementor-element elementor-element-9382e33\" data-id=\"9382e33\" data-element_type=\"column\">\n\t\t\t<div class=\"elementor-widget-wrap elementor-element-populated\">\n\t\t\t\t\t\t\t\t<div class=\"elementor-element elementor-element-60d7301 elementor-widget elementor-widget-heading\" data-id=\"60d7301\" data-element_type=\"widget\" data-widget_type=\"heading.default\">\n\t\t\t\t<div class=\"elementor-widget-container\">\n\t\t\t<style>\/*! elementor - v3.18.0 - 06-12-2023 *\/\n.elementor-heading-title{padding:0;margin:0;line-height:1}.elementor-widget-heading .elementor-heading-title[class*=elementor-size-]>a{color:inherit;font-size:inherit;line-height:inherit}.elementor-widget-heading .elementor-heading-title.elementor-size-small{font-size:15px}.elementor-widget-heading .elementor-heading-title.elementor-size-medium{font-size:19px}.elementor-widget-heading .elementor-heading-title.elementor-size-large{font-size:29px}.elementor-widget-heading .elementor-heading-title.elementor-size-xl{font-size:39px}.elementor-widget-heading .elementor-heading-title.elementor-size-xxl{font-size:59px}<\/style><h2 class=\"elementor-heading-title elementor-size-default\">Politique de confidentialit\u00e9 et informations juridiques<\/h2>\t\t<\/div>\n\t\t\t\t<\/div>\n\t\t\t\t\t<\/div>\n\t\t<\/div>\n\t\t\t\t\t\t\t<\/div>\n\t\t<\/section>\n\t\t\t\t<section class=\"elementor-section elementor-top-section elementor-element elementor-element-407f4e1 elementor-section-boxed elementor-section-height-default elementor-section-height-default\" data-id=\"407f4e1\" data-element_type=\"section\">\n\t\t\t\t\t\t<div class=\"elementor-container elementor-column-gap-default\">\n\t\t\t\t\t<div class=\"elementor-column elementor-col-100 elementor-top-column elementor-element elementor-element-8756a5d\" data-id=\"8756a5d\" data-element_type=\"column\">\n\t\t\t<div class=\"elementor-widget-wrap elementor-element-populated\">\n\t\t\t\t\t\t\t\t<div class=\"elementor-element elementor-element-30a2172 elementor-widget elementor-widget-text-editor\" data-id=\"30a2172\" data-element_type=\"widget\" data-widget_type=\"text-editor.default\">\n\t\t\t\t<div class=\"elementor-widget-container\">\n\t\t\t<style>\/*! elementor - v3.18.0 - 06-12-2023 *\/\n.elementor-widget-text-editor.elementor-drop-cap-view-stacked .elementor-drop-cap{background-color:#69727d;color:#fff}.elementor-widget-text-editor.elementor-drop-cap-view-framed .elementor-drop-cap{color:#69727d;border:3px solid;background-color:transparent}.elementor-widget-text-editor:not(.elementor-drop-cap-view-default) .elementor-drop-cap{margin-top:8px}.elementor-widget-text-editor:not(.elementor-drop-cap-view-default) .elementor-drop-cap-letter{width:1em;height:1em}.elementor-widget-text-editor .elementor-drop-cap{float:left;text-align:center;line-height:1;font-size:50px}.elementor-widget-text-editor .elementor-drop-cap-letter{display:inline-block}<\/style>\t\t\t\t<p>Cette politique de confidentialit\u00e9 et de protection des donn\u00e9es concerne le site web de Mooc4Tutors (num\u00e9ro de projet 2022-2-BE01-KA220-VET-000097289).<\/p><p>\u00c9diteur :<br \/>Logopsycom<br \/>Rue Gabriel Petit, 15,<br \/>7022 Mons, Belgique<br \/>info@logopsycom.com<\/p><p>\u00a0<\/p><p>Le projet Mooc4Tutors est financ\u00e9 par l\u2019Union europ\u00e9enne. Les points de vue et opinions exprim\u00e9s n\u2019engagent toutefois que leur(s) auteur(s) et ne refl\u00e8tent pas n\u00e9cessairement ceux de l\u2019Union europ\u00e9enne ou de l\u2019Agence ex\u00e9cutive europ\u00e9enne pour l\u2019\u00e9ducation et la culture (EACEA). Ni l\u2019Union europ\u00e9enne ni l\u2019EACEA ne peuvent en \u00eatre tenues responsables.<\/p><p>\u00a0<\/p><p><strong>Le site est h\u00e9berg\u00e9 par :<\/strong><br \/>OVH \u2013 SAS au capital social de 50 000 000 \u20ac<br \/>2 rue Kellermann, 59100 Roubaix, France<br \/>RCS Lille M\u00e9tropole 424 761 419 00045 \u2013 Code APE 2620Z<br \/>Num\u00e9ro de TVA : FR 22 424 761 419<\/p><p><br \/><strong>Droits de propri\u00e9t\u00e9 intellectuelle<\/strong><\/p><p>Tous les contenus sont distribu\u00e9s sous licence Creative Commons : Attribution \u2013 Pas d\u2019Utilisation Commerciale \u2013 Partage dans les M\u00eames Conditions 4.0 International (CC BY-NC-SA 4.0).<\/p><p><br \/><strong>Liens hypertextes<\/strong><\/p><p>Le site peut contenir des hyperliens vers des sites web tiers. L\u2019\u00e9diteur n\u2019est pas responsable du contenu ou de la conformit\u00e9 de ces sites tiers.<\/p><p><br \/><strong>Collecte de donn\u00e9es<\/strong><\/p><p>Types de donn\u00e9es collect\u00e9es<\/p><p>Nous pouvons collecter et traiter les cat\u00e9gories de donn\u00e9es personnelles suivantes :<\/p><p>Donn\u00e9es d\u2019identification : nom, pr\u00e9nom, adresse e-mail, langue<\/p><p>Donn\u00e9es d\u2019acc\u00e8s au cours : identifiants (nom, pr\u00e9nom, e-mail) pour participer au cours Mooc4Tutors (un des r\u00e9sultats du projet).<\/p><p>Donn\u00e9es d\u2019utilisation : pages visit\u00e9es, journaux d\u2019interaction et statistiques anonymes.<\/p><p>Cookies et donn\u00e9es de suivi (voir section \u00ab Cookies \u00bb ci-dessous).<\/p><p><br \/><strong>Donn\u00e9es de la plateforme de cours<\/strong><\/p><p>Dans le cadre du projet Mooc4Tutors, une plateforme de cours est mise \u00e0 disposition des utilisateurs.<\/p><p>Pour acc\u00e9der au cours, les utilisateurs doivent se connecter avec nom, pr\u00e9nom et adresse e-mail.<\/p><p>Ces donn\u00e9es personnelles sont collect\u00e9es uniquement afin de fournir l\u2019acc\u00e8s au cours, suivre la progression et g\u00e9rer la participation.<\/p><p>Les donn\u00e9es collect\u00e9es pour l\u2019acc\u00e8s au cours sont trait\u00e9es de la m\u00eame mani\u00e8re que celles collect\u00e9es sur le site web Mooc4Tutors et suivent les m\u00eames proc\u00e9dures de s\u00e9curit\u00e9, de conservation et de droits.<\/p><p><br \/><strong>Finalit\u00e9s du traitement<\/strong><\/p><p>Vos donn\u00e9es personnelles sont collect\u00e9es pour les finalit\u00e9s suivantes :<\/p><ul><li>Fournir et maintenir le site web et la plateforme de cours. <br \/>\u2022 G\u00e9rer la communication li\u00e9e au projet. <br \/>\u2022 Permettre l\u2019acc\u00e8s des utilisateurs au cours Mooc4Tutors.\u00a0 <br \/>\u2022 Vous envoyer des informations sur les r\u00e9sultats du projet, si vous y avez consenti.\u00a0 <br \/>\u2022 Compiler des statistiques d\u2019utilisation anonymes \u00e0 des fins de rapport aux autorit\u00e9s europ\u00e9ennes.\u00a0<\/li><\/ul><p><br \/><strong>Base juridique du traitement<\/strong><\/p><p>Nous traitons vos donn\u00e9es personnelles sur les bases juridiques suivantes :<\/p><ul><li>Consentement (Art. 6(1)(a) RGPD) \u2013 par ex., pour les cookies, newsletters. <br \/>\u2022 N\u00e9cessit\u00e9 contractuelle (Art. 6(1)(b) RGPD) \u2013 par ex., fournir l\u2019acc\u00e8s au cours Mooc4Tutors. <br \/>\u2022 Obligation l\u00e9gale (Art. 6(1)(c) RGPD) \u2013 par ex., exigences de rapport aux autorit\u00e9s.\u00a0 <br \/>\u2022 Int\u00e9r\u00eat l\u00e9gitime (Art. 6(1)(f) RGPD) \u2013 par ex., assurer la s\u00e9curit\u00e9 du site et de la plateforme de cours et am\u00e9liorer les services.\u00a0<\/li><\/ul><p><br \/><strong>Destinataires des donn\u00e9es<\/strong><\/p><p>Vos donn\u00e9es peuvent \u00eatre partag\u00e9es avec :<\/p><p>Membres du consortium du projet Mooc4Tutors :\u00a0 <br \/>\u2022 Logopsycom (Belgique)\u00a0 <br \/>\u2022 Europass Berlin (Allemagne)\u00a0 <br \/>\u2022 LAUREA \u2013 University of Applied Sciences (Finlande)\u00a0 <br \/>\u2022 Euphoria Net Srl (Italie)\u00a0 <br \/>\u2022 Kauno \u0161vietimo inovacij\u0173 centras (Lituanie)\u00a0<\/p><p>\u00a0<\/p><p><strong>Fournisseur d\u2019h\u00e9bergement (OVH).<\/strong><\/p><p><br \/><strong>Transferts internationaux<\/strong><\/p><p>Les donn\u00e9es sont g\u00e9n\u00e9ralement stock\u00e9es au sein de l\u2019UE\/EEE. Si des donn\u00e9es sont transf\u00e9r\u00e9es en dehors de l\u2019UE, des garanties appropri\u00e9es seront appliqu\u00e9es (par ex., Clauses contractuelles types).<\/p><p><br \/><strong>Conservation des donn\u00e9es<\/strong><\/p><p>Les donn\u00e9es personnelles seront conserv\u00e9es uniquement aussi longtemps que n\u00e9cessaire aux fins d\u00e9crites ci-dessus, et pour respecter les obligations l\u00e9gales. Plus pr\u00e9cis\u00e9ment :<\/p><ul><li>Donn\u00e9es de compte utilisateur\/contact\/connexion au cours : supprim\u00e9es 24 mois apr\u00e8s la fin du projet. <br \/>\u2022 Statistiques d\u2019utilisation : anonymis\u00e9es imm\u00e9diatement apr\u00e8s la collecte. <br \/>\u2022 Cookies : voir section \u00ab Cookies \u00bb.\u00a0<\/li><\/ul><p><br \/><strong>Droits des utilisateurs<\/strong><\/p><p>En vertu du RGPD, vous disposez des droits suivants :<\/p><ul><li>Acc\u00e9der \u00e0 vos donn\u00e9es. <br \/>\u2022 Rectifier des donn\u00e9es inexactes ou incompl\u00e8tes. <br \/>\u2022 Demander l\u2019effacement (\u00ab droit \u00e0 l\u2019oubli \u00bb).\u00a0 <br \/>\u2022 Limiter le traitement.\u00a0 <br \/>\u2022 Vous opposer au traitement.\u00a0 <br \/>\u2022 Portabilit\u00e9 des donn\u00e9es.\u00a0 <br \/>\u2022 Retirer votre consentement \u00e0 tout moment (le cas \u00e9ch\u00e9ant).\u00a0<\/li><\/ul><p>Vous pouvez exercer ces droits en contactant : info@logopsycom.com.\u00a0<\/p><p>Si l\u2019\u00e9diteur ne peut donner suite \u00e0 votre demande, vous pouvez contacter l\u2019Autorit\u00e9 de protection des donn\u00e9es (Belgique) :\u00a0 <br \/>https:\/\/www.gegevensbeschermingsautoriteit.be\/\u00a0<\/p><p><br \/><strong>Prise de d\u00e9cision automatis\u00e9e<\/strong><\/p><p>Aucune prise de d\u00e9cision automatis\u00e9e, y compris le profilage, n\u2019est effectu\u00e9e sur ce site ou cette plateforme de cours.<\/p><p><br \/><strong>D\u00e9l\u00e9gu\u00e9 \u00e0 la protection des donn\u00e9es (DPD)<\/strong><\/p><p>Logopsycom n\u2019a pas d\u00e9sign\u00e9 de d\u00e9l\u00e9gu\u00e9 \u00e0 la protection des donn\u00e9es. Pour toute question relative aux donn\u00e9es, veuillez contacter info@logopsycom.com.<\/p><p><br \/><strong>Cookies<\/strong><\/p><p>Ce site web et la plateforme de cours utilisent des cookies afin d\u2019am\u00e9liorer l\u2019interactivit\u00e9 et les services.<\/p><p>Cat\u00e9gories de cookies :\u00a0<\/p><ul><li>Cookies strictement n\u00e9cessaires : essentiels au fonctionnement du site et de la plateforme de cours. <br \/>\u2022 Cookies analytiques : utilis\u00e9s pour collecter des statistiques anonymes [Google Analytics]. <br \/>\u2022 Cookies fonctionnels : pour am\u00e9liorer l\u2019exp\u00e9rience utilisateur (ex. : sauvegarde des pr\u00e9f\u00e9rences).\u00a0 <br \/>\u2022 Cookies tiers : peuvent \u00eatre plac\u00e9s par des services int\u00e9gr\u00e9s (ex. : vid\u00e9os, r\u00e9seaux sociaux).\u00a0<\/li><\/ul><p>\u00a0<\/p><p><strong>Consentement relatif aux cookies :\u00a0<\/strong><\/p><p>Lors de votre premi\u00e8re visite sur ce site, une banni\u00e8re de cookies vous informe et vous permet de d\u00e9finir vos pr\u00e9f\u00e9rences. Vous pouvez mettre \u00e0 jour vos pr\u00e9f\u00e9rences \u00e0 tout moment via la banni\u00e8re en bas du site.\u00a0<\/p><p>Dur\u00e9e de conservation : [6 mois].<\/p>\t\t\t\t\t\t<\/div>\n\t\t\t\t<\/div>\n\t\t\t\t\t<\/div>\n\t\t<\/div>\n\t\t\t\t\t\t\t<\/div>\n\t\t<\/section>\n\t\t\t\t\t\t\t<\/div>\n\t\t","protected":false},"excerpt":{"rendered":"<p>Politique de confidentialit\u00e9 et informations juridiques Cette politique de confidentialit\u00e9 et de protection des donn\u00e9es concerne le site web de Mooc4Tutors (num\u00e9ro de projet 2022-2-BE01-KA220-VET-000097289). \u00c9diteur :LogopsycomRue Gabriel Petit, 15,7022 Mons, Belgiqueinfo@logopsycom.com \u00a0 Le projet Mooc4Tutors est financ\u00e9 par l\u2019Union europ\u00e9enne. Les points de vue et opinions exprim\u00e9s n\u2019engagent toutefois que leur(s) auteur(s) et ne &hellip;<\/p>\n<p class=\"read-more\"> <a class=\"\" href=\"https:\/\/mooc4tutors.eu\/?page_id=3388&#038;lang=fr\"> <span class=\"screen-reader-text\">Politique de confidentialit\u00e9 et informations juridiques<\/span> Read More &raquo;<\/a><\/p>\n","protected":false},"author":1,"featured_media":0,"parent":0,"menu_order":0,"comment_status":"closed","ping_status":"closed","template":"","meta":{"site-sidebar-layout":"no-sidebar","site-content-layout":"page-builder","ast-global-header-display":"","ast-banner-title-visibility":"","ast-main-header-display":"","ast-hfb-above-header-display":"","ast-hfb-below-header-display":"","ast-hfb-mobile-header-display":"","site-post-title":"disabled","ast-breadcrumbs-content":"","ast-featured-img":"disabled","footer-sml-layout":"","theme-transparent-header-meta":"","adv-header-id-meta":"","stick-header-meta":"","header-above-stick-meta":"","header-main-stick-meta":"","header-below-stick-meta":"","footnotes":""},"class_list":["post-3388","page","type-page","status-publish","hentry"],"_links":{"self":[{"href":"https:\/\/mooc4tutors.eu\/index.php?rest_route=\/wp\/v2\/pages\/3388","targetHints":{"allow":["GET"]}}],"collection":[{"href":"https:\/\/mooc4tutors.eu\/index.php?rest_route=\/wp\/v2\/pages"}],"about":[{"href":"https:\/\/mooc4tutors.eu\/index.php?rest_route=\/wp\/v2\/types\/page"}],"author":[{"embeddable":true,"href":"https:\/\/mooc4tutors.eu\/index.php?rest_route=\/wp\/v2\/users\/1"}],"replies":[{"embeddable":true,"href":"https:\/\/mooc4tutors.eu\/index.php?rest_route=%2Fwp%2Fv2%2Fcomments&post=3388"}],"version-history":[{"count":4,"href":"https:\/\/mooc4tutors.eu\/index.php?rest_route=\/wp\/v2\/pages\/3388\/revisions"}],"predecessor-version":[{"id":3392,"href":"https:\/\/mooc4tutors.eu\/index.php?rest_route=\/wp\/v2\/pages\/3388\/revisions\/3392"}],"wp:attachment":[{"href":"https:\/\/mooc4tutors.eu\/index.php?rest_route=%2Fwp%2Fv2%2Fmedia&parent=3388"}],"curies":[{"name":"wp","href":"https:\/\/api.w.org\/{rel}","templated":true}]}}