{"id":2988,"date":"2024-11-26T10:56:29","date_gmt":"2024-11-26T10:56:29","guid":{"rendered":"https:\/\/mooc4tutors.eu\/?page_id=2988"},"modified":"2024-11-26T12:09:46","modified_gmt":"2024-11-26T12:09:46","slug":"pavyzdiniai-pamoku-planai","status":"publish","type":"page","link":"https:\/\/mooc4tutors.eu\/?page_id=2988&lang=lt","title":{"rendered":"Pavyzdiniai pamok\u0173 planai"},"content":{"rendered":"\t\t<div data-elementor-type=\"wp-page\" data-elementor-id=\"2988\" class=\"elementor elementor-2988\">\n\t\t\t\t\t\t\t\t\t<section class=\"elementor-section elementor-top-section elementor-element elementor-element-7066e36 elementor-section-boxed elementor-section-height-default elementor-section-height-default\" data-id=\"7066e36\" data-element_type=\"section\">\n\t\t\t\t\t\t<div class=\"elementor-container elementor-column-gap-default\">\n\t\t\t\t\t<div class=\"elementor-column elementor-col-100 elementor-top-column elementor-element elementor-element-f54fbf0\" data-id=\"f54fbf0\" data-element_type=\"column\">\n\t\t\t<div class=\"elementor-widget-wrap elementor-element-populated\">\n\t\t\t\t\t\t\t\t<div class=\"elementor-element elementor-element-bc70469 elementor-widget elementor-widget-heading\" data-id=\"bc70469\" data-element_type=\"widget\" data-widget_type=\"heading.default\">\n\t\t\t\t<div class=\"elementor-widget-container\">\n\t\t\t<style>\/*! elementor - v3.18.0 - 06-12-2023 *\/\n.elementor-heading-title{padding:0;margin:0;line-height:1}.elementor-widget-heading .elementor-heading-title[class*=elementor-size-]>a{color:inherit;font-size:inherit;line-height:inherit}.elementor-widget-heading .elementor-heading-title.elementor-size-small{font-size:15px}.elementor-widget-heading .elementor-heading-title.elementor-size-medium{font-size:19px}.elementor-widget-heading .elementor-heading-title.elementor-size-large{font-size:29px}.elementor-widget-heading .elementor-heading-title.elementor-size-xl{font-size:39px}.elementor-widget-heading .elementor-heading-title.elementor-size-xxl{font-size:59px}<\/style><h2 class=\"elementor-heading-title elementor-size-default\">Pavyzdiniai pamok\u0173 planai<\/h2>\t\t<\/div>\n\t\t\t\t<\/div>\n\t\t\t\t<div class=\"elementor-element elementor-element-3ec40a4 elementor-widget__width-initial elementor-widget elementor-widget-text-editor\" data-id=\"3ec40a4\" data-element_type=\"widget\" data-widget_type=\"text-editor.default\">\n\t\t\t\t<div class=\"elementor-widget-container\">\n\t\t\t<style>\/*! elementor - v3.18.0 - 06-12-2023 *\/\n.elementor-widget-text-editor.elementor-drop-cap-view-stacked .elementor-drop-cap{background-color:#69727d;color:#fff}.elementor-widget-text-editor.elementor-drop-cap-view-framed .elementor-drop-cap{color:#69727d;border:3px solid;background-color:transparent}.elementor-widget-text-editor:not(.elementor-drop-cap-view-default) .elementor-drop-cap{margin-top:8px}.elementor-widget-text-editor:not(.elementor-drop-cap-view-default) .elementor-drop-cap-letter{width:1em;height:1em}.elementor-widget-text-editor .elementor-drop-cap{float:left;text-align:center;line-height:1;font-size:50px}.elementor-widget-text-editor .elementor-drop-cap-letter{display:inline-block}<\/style>\t\t\t\t<p>Pagerinkite savo pamok\u0173 kokyb\u0119 naudodamiesi m\u016bs\u0173 sukurtais pamokos plano pavyzd\u017eiais! Kiekviename pamokos plane pateikiama konkre\u010diam dalykui skirta mokymo seka ir veiksming\u0173 priemoni\u0173 i\u0161 m\u016bs\u0173 sukurto u\u017eduo\u010di\u0173 lap\u0173 naudojimo vadovo. \u0160iuose pamok\u0173 pavyzd\u017eiuose korepetitoriams si\u016bloma praktin\u0117 sistema, padedanti mokymo veikl\u0105 vykdyti integruojant \u012ftraukian\u010di\u0173 u\u017eduo\u010di\u0173 ir patikrint\u0173 strategij\u0173.<\/p>\t\t\t\t\t\t<\/div>\n\t\t\t\t<\/div>\n\t\t\t\t\t<\/div>\n\t\t<\/div>\n\t\t\t\t\t\t\t<\/div>\n\t\t<\/section>\n\t\t\t\t<section class=\"elementor-section elementor-top-section elementor-element elementor-element-4845cea elementor-section-boxed elementor-section-height-default elementor-section-height-default\" data-id=\"4845cea\" data-element_type=\"section\" id=\"sdm_toolkits\">\n\t\t\t\t\t\t<div class=\"elementor-container elementor-column-gap-default\">\n\t\t\t\t\t<div class=\"elementor-column elementor-col-50 elementor-top-column elementor-element elementor-element-9c7767e elementor-hidden-mobile\" data-id=\"9c7767e\" data-element_type=\"column\">\n\t\t\t<div class=\"elementor-widget-wrap elementor-element-populated\">\n\t\t\t\t\t\t\t\t<div class=\"elementor-element elementor-element-8ac18c9 elementor-hidden-mobile elementor-view-default elementor-widget elementor-widget-icon\" data-id=\"8ac18c9\" data-element_type=\"widget\" data-widget_type=\"icon.default\">\n\t\t\t\t<div class=\"elementor-widget-container\">\n\t\t\t\t\t<div class=\"elementor-icon-wrapper\">\n\t\t\t<div class=\"elementor-icon\">\n\t\t\t<i aria-hidden=\"true\" class=\"fas fa-arrow-alt-circle-right\"><\/i>\t\t\t<\/div>\n\t\t<\/div>\n\t\t\t\t<\/div>\n\t\t\t\t<\/div>\n\t\t\t\t<div class=\"elementor-element elementor-element-fc11462 elementor-hidden-mobile elementor-view-default elementor-widget elementor-widget-icon\" data-id=\"fc11462\" data-element_type=\"widget\" data-widget_type=\"icon.default\">\n\t\t\t\t<div class=\"elementor-widget-container\">\n\t\t\t\t\t<div class=\"elementor-icon-wrapper\">\n\t\t\t<div class=\"elementor-icon\">\n\t\t\t<i aria-hidden=\"true\" class=\"fas fa-arrow-alt-circle-right\"><\/i>\t\t\t<\/div>\n\t\t<\/div>\n\t\t\t\t<\/div>\n\t\t\t\t<\/div>\n\t\t\t\t<div class=\"elementor-element elementor-element-3e15c56 elementor-hidden-mobile elementor-view-default elementor-widget elementor-widget-icon\" data-id=\"3e15c56\" data-element_type=\"widget\" data-widget_type=\"icon.default\">\n\t\t\t\t<div class=\"elementor-widget-container\">\n\t\t\t\t\t<div class=\"elementor-icon-wrapper\">\n\t\t\t<div class=\"elementor-icon\">\n\t\t\t<i aria-hidden=\"true\" class=\"fas fa-arrow-alt-circle-right\"><\/i>\t\t\t<\/div>\n\t\t<\/div>\n\t\t\t\t<\/div>\n\t\t\t\t<\/div>\n\t\t\t\t<div class=\"elementor-element elementor-element-b045f0b elementor-hidden-mobile elementor-view-default elementor-widget elementor-widget-icon\" data-id=\"b045f0b\" data-element_type=\"widget\" data-widget_type=\"icon.default\">\n\t\t\t\t<div class=\"elementor-widget-container\">\n\t\t\t\t\t<div class=\"elementor-icon-wrapper\">\n\t\t\t<div class=\"elementor-icon\">\n\t\t\t<i aria-hidden=\"true\" class=\"fas fa-arrow-alt-circle-right\"><\/i>\t\t\t<\/div>\n\t\t<\/div>\n\t\t\t\t<\/div>\n\t\t\t\t<\/div>\n\t\t\t\t<div class=\"elementor-element elementor-element-be184e8 elementor-hidden-mobile elementor-view-default elementor-widget elementor-widget-icon\" data-id=\"be184e8\" data-element_type=\"widget\" data-widget_type=\"icon.default\">\n\t\t\t\t<div class=\"elementor-widget-container\">\n\t\t\t\t\t<div class=\"elementor-icon-wrapper\">\n\t\t\t<div class=\"elementor-icon\">\n\t\t\t<i aria-hidden=\"true\" class=\"fas fa-arrow-alt-circle-right\"><\/i>\t\t\t<\/div>\n\t\t<\/div>\n\t\t\t\t<\/div>\n\t\t\t\t<\/div>\n\t\t\t\t<div class=\"elementor-element elementor-element-25cb98b elementor-hidden-mobile elementor-view-default elementor-widget elementor-widget-icon\" data-id=\"25cb98b\" data-element_type=\"widget\" data-widget_type=\"icon.default\">\n\t\t\t\t<div class=\"elementor-widget-container\">\n\t\t\t\t\t<div class=\"elementor-icon-wrapper\">\n\t\t\t<div class=\"elementor-icon\">\n\t\t\t<i aria-hidden=\"true\" class=\"fas fa-arrow-alt-circle-right\"><\/i>\t\t\t<\/div>\n\t\t<\/div>\n\t\t\t\t<\/div>\n\t\t\t\t<\/div>\n\t\t\t\t<div class=\"elementor-element elementor-element-760a5e7 elementor-hidden-mobile elementor-view-default elementor-widget elementor-widget-icon\" data-id=\"760a5e7\" data-element_type=\"widget\" data-widget_type=\"icon.default\">\n\t\t\t\t<div class=\"elementor-widget-container\">\n\t\t\t\t\t<div class=\"elementor-icon-wrapper\">\n\t\t\t<div class=\"elementor-icon\">\n\t\t\t<i aria-hidden=\"true\" class=\"fas fa-arrow-alt-circle-right\"><\/i>\t\t\t<\/div>\n\t\t<\/div>\n\t\t\t\t<\/div>\n\t\t\t\t<\/div>\n\t\t\t\t<div class=\"elementor-element elementor-element-3757ec7 elementor-hidden-mobile elementor-view-default elementor-widget elementor-widget-icon\" data-id=\"3757ec7\" data-element_type=\"widget\" data-widget_type=\"icon.default\">\n\t\t\t\t<div class=\"elementor-widget-container\">\n\t\t\t\t\t<div class=\"elementor-icon-wrapper\">\n\t\t\t<div class=\"elementor-icon\">\n\t\t\t<i aria-hidden=\"true\" class=\"fas fa-arrow-alt-circle-right\"><\/i>\t\t\t<\/div>\n\t\t<\/div>\n\t\t\t\t<\/div>\n\t\t\t\t<\/div>\n\t\t\t\t<div class=\"elementor-element elementor-element-62e3ba9 elementor-hidden-mobile elementor-view-default elementor-widget elementor-widget-icon\" data-id=\"62e3ba9\" data-element_type=\"widget\" data-widget_type=\"icon.default\">\n\t\t\t\t<div class=\"elementor-widget-container\">\n\t\t\t\t\t<div class=\"elementor-icon-wrapper\">\n\t\t\t<div class=\"elementor-icon\">\n\t\t\t<i aria-hidden=\"true\" class=\"fas fa-arrow-alt-circle-right\"><\/i>\t\t\t<\/div>\n\t\t<\/div>\n\t\t\t\t<\/div>\n\t\t\t\t<\/div>\n\t\t\t\t<div class=\"elementor-element elementor-element-4ca70a1 elementor-hidden-mobile elementor-view-default elementor-widget elementor-widget-icon\" data-id=\"4ca70a1\" data-element_type=\"widget\" data-widget_type=\"icon.default\">\n\t\t\t\t<div class=\"elementor-widget-container\">\n\t\t\t\t\t<div class=\"elementor-icon-wrapper\">\n\t\t\t<div class=\"elementor-icon\">\n\t\t\t<i aria-hidden=\"true\" class=\"fas fa-arrow-alt-circle-right\"><\/i>\t\t\t<\/div>\n\t\t<\/div>\n\t\t\t\t<\/div>\n\t\t\t\t<\/div>\n\t\t\t\t\t<\/div>\n\t\t<\/div>\n\t\t\t\t<div class=\"elementor-column elementor-col-50 elementor-top-column elementor-element elementor-element-eeb671b\" data-id=\"eeb671b\" data-element_type=\"column\">\n\t\t\t<div class=\"elementor-widget-wrap elementor-element-populated\">\n\t\t\t\t\t\t\t\t<div class=\"elementor-element elementor-element-76a3de7 elementor-widget__width-initial elementor-widget-mobile__width-inherit elementor-widget elementor-widget-text-editor\" data-id=\"76a3de7\" data-element_type=\"widget\" data-widget_type=\"text-editor.default\">\n\t\t\t\t<div class=\"elementor-widget-container\">\n\t\t\t\t\t\t\t<p><div class=\"sdm_fancy2_item \"><div class=\"sdm_fancy2_wrapper\"><div class=\"sdm_fancy2_download_item_top\"><div class=\"sdm_fancy2_download_thumbnail\"><\/div><\/div><div class=\"sdm_fancy2_download_title\">Canva<\/div><div class=\"sdm_fancy2_download_link\"><a href=\"https:\/\/mooc4tutors.eu\/?sdm_process_download=1&#038;download_id=2773\" class=\"sdm_fancy2_download_dl_link\" target=\"_self\">Atsisi\u0173sti<\/a><\/div><\/div><\/div><div class=\"sdm_clear_float\"><\/div><br \/><div class=\"sdm_fancy2_item \"><div class=\"sdm_fancy2_wrapper\"><div class=\"sdm_fancy2_download_item_top\"><div class=\"sdm_fancy2_download_thumbnail\"><\/div><\/div><div class=\"sdm_fancy2_download_title\">Formative<\/div><div class=\"sdm_fancy2_download_link\"><a href=\"https:\/\/mooc4tutors.eu\/?sdm_process_download=1&#038;download_id=2774\" class=\"sdm_fancy2_download_dl_link\" target=\"_self\">Atsisi\u0173sti<\/a><\/div><\/div><\/div><div class=\"sdm_clear_float\"><\/div><br \/><div class=\"sdm_fancy2_item \"><div class=\"sdm_fancy2_wrapper\"><div class=\"sdm_fancy2_download_item_top\"><div class=\"sdm_fancy2_download_thumbnail\"><\/div><\/div><div class=\"sdm_fancy2_download_title\">Padlet<\/div><div class=\"sdm_fancy2_download_link\"><a href=\"https:\/\/mooc4tutors.eu\/?sdm_process_download=1&#038;download_id=2775\" class=\"sdm_fancy2_download_dl_link\" target=\"_self\">Atsisi\u0173sti<\/a><\/div><\/div><\/div><div class=\"sdm_clear_float\"><\/div><br \/><div class=\"sdm_fancy2_item \"><div class=\"sdm_fancy2_wrapper\"><div class=\"sdm_fancy2_download_item_top\"><div class=\"sdm_fancy2_download_thumbnail\"><\/div><\/div><div class=\"sdm_fancy2_download_title\">Wooclap<\/div><div class=\"sdm_fancy2_download_link\"><a href=\"https:\/\/mooc4tutors.eu\/?sdm_process_download=1&#038;download_id=2776\" class=\"sdm_fancy2_download_dl_link\" target=\"_self\">Atsisi\u0173sti<\/a><\/div><\/div><\/div><div class=\"sdm_clear_float\"><\/div><br \/><div class=\"sdm_fancy2_item \"><div class=\"sdm_fancy2_wrapper\"><div class=\"sdm_fancy2_download_item_top\"><div class=\"sdm_fancy2_download_thumbnail\"><\/div><\/div><div class=\"sdm_fancy2_download_title\">Popplet<\/div><div class=\"sdm_fancy2_download_link\"><a href=\"https:\/\/mooc4tutors.eu\/?sdm_process_download=1&#038;download_id=2777\" class=\"sdm_fancy2_download_dl_link\" target=\"_self\">Atsisi\u0173sti<\/a><\/div><\/div><\/div><div class=\"sdm_clear_float\"><\/div><br \/><div class=\"sdm_fancy2_item \"><div class=\"sdm_fancy2_wrapper\"><div class=\"sdm_fancy2_download_item_top\"><div class=\"sdm_fancy2_download_thumbnail\"><\/div><\/div><div class=\"sdm_fancy2_download_title\">MathKind<\/div><div class=\"sdm_fancy2_download_link\"><a href=\"https:\/\/mooc4tutors.eu\/?sdm_process_download=1&#038;download_id=2778\" class=\"sdm_fancy2_download_dl_link\" target=\"_self\">Atsisi\u0173sti<\/a><\/div><\/div><\/div><div class=\"sdm_clear_float\"><\/div><br \/><div class=\"sdm_fancy2_item \"><div class=\"sdm_fancy2_wrapper\"><div class=\"sdm_fancy2_download_item_top\"><div class=\"sdm_fancy2_download_thumbnail\"><\/div><\/div><div class=\"sdm_fancy2_download_title\">Storyboard that<\/div><div class=\"sdm_fancy2_download_link\"><a href=\"https:\/\/mooc4tutors.eu\/?sdm_process_download=1&#038;download_id=2782\" class=\"sdm_fancy2_download_dl_link\" target=\"_self\">Atsisi\u0173sti<\/a><\/div><\/div><\/div><div class=\"sdm_clear_float\"><\/div><br \/><div class=\"sdm_fancy2_item \"><div class=\"sdm_fancy2_wrapper\"><div class=\"sdm_fancy2_download_item_top\"><div class=\"sdm_fancy2_download_thumbnail\"><\/div><\/div><div class=\"sdm_fancy2_download_title\">Scratch<\/div><div class=\"sdm_fancy2_download_link\"><a href=\"https:\/\/mooc4tutors.eu\/?sdm_process_download=1&#038;download_id=2783\" class=\"sdm_fancy2_download_dl_link\" target=\"_self\">Atsisi\u0173sti<\/a><\/div><\/div><\/div><div class=\"sdm_clear_float\"><\/div><br \/><div class=\"sdm_fancy2_item \"><div class=\"sdm_fancy2_wrapper\"><div class=\"sdm_fancy2_download_item_top\"><div class=\"sdm_fancy2_download_thumbnail\"><\/div><\/div><div class=\"sdm_fancy2_download_title\">Minecraft Education<\/div><div class=\"sdm_fancy2_download_link\"><a href=\"https:\/\/mooc4tutors.eu\/?sdm_process_download=1&#038;download_id=2784\" class=\"sdm_fancy2_download_dl_link\" target=\"_self\">Atsisi\u0173sti<\/a><\/div><\/div><\/div><div class=\"sdm_clear_float\"><\/div><br \/><div class=\"sdm_fancy2_item \"><div class=\"sdm_fancy2_wrapper\"><div class=\"sdm_fancy2_download_item_top\"><div class=\"sdm_fancy2_download_thumbnail\"><\/div><\/div><div class=\"sdm_fancy2_download_title\">QrCodes<\/div><div class=\"sdm_fancy2_download_link\"><a href=\"https:\/\/mooc4tutors.eu\/?sdm_process_download=1&#038;download_id=2785\" class=\"sdm_fancy2_download_dl_link\" target=\"_self\">Atsisi\u0173sti<\/a><\/div><\/div><\/div><div class=\"sdm_clear_float\"><\/div><\/p>\t\t\t\t\t\t<\/div>\n\t\t\t\t<\/div>\n\t\t\t\t\t<\/div>\n\t\t<\/div>\n\t\t\t\t\t\t\t<\/div>\n\t\t<\/section>\n\t\t\t\t<section class=\"elementor-section elementor-top-section elementor-element elementor-element-56c7efa elementor-section-boxed elementor-section-height-default elementor-section-height-default\" data-id=\"56c7efa\" data-element_type=\"section\">\n\t\t\t\t\t\t<div class=\"elementor-container elementor-column-gap-default\">\n\t\t\t\t\t<div class=\"elementor-column elementor-col-100 elementor-top-column elementor-element elementor-element-b58ed5d\" data-id=\"b58ed5d\" data-element_type=\"column\">\n\t\t\t<div class=\"elementor-widget-wrap elementor-element-populated\">\n\t\t\t\t\t\t\t\t<div class=\"elementor-element elementor-element-7845455 elementor-widget-divider--view-line elementor-widget elementor-widget-divider\" data-id=\"7845455\" data-element_type=\"widget\" data-widget_type=\"divider.default\">\n\t\t\t\t<div class=\"elementor-widget-container\">\n\t\t\t<style>\/*! elementor - v3.18.0 - 06-12-2023 *\/\n.elementor-widget-divider{--divider-border-style:none;--divider-border-width:1px;--divider-color:#0c0d0e;--divider-icon-size:20px;--divider-element-spacing:10px;--divider-pattern-height:24px;--divider-pattern-size:20px;--divider-pattern-url:none;--divider-pattern-repeat:repeat-x}.elementor-widget-divider .elementor-divider{display:flex}.elementor-widget-divider .elementor-divider__text{font-size:15px;line-height:1;max-width:95%}.elementor-widget-divider .elementor-divider__element{margin:0 var(--divider-element-spacing);flex-shrink:0}.elementor-widget-divider .elementor-icon{font-size:var(--divider-icon-size)}.elementor-widget-divider .elementor-divider-separator{display:flex;margin:0;direction:ltr}.elementor-widget-divider--view-line_icon .elementor-divider-separator,.elementor-widget-divider--view-line_text .elementor-divider-separator{align-items:center}.elementor-widget-divider--view-line_icon .elementor-divider-separator:after,.elementor-widget-divider--view-line_icon .elementor-divider-separator:before,.elementor-widget-divider--view-line_text .elementor-divider-separator:after,.elementor-widget-divider--view-line_text .elementor-divider-separator:before{display:block;content:\"\";border-bottom:0;flex-grow:1;border-top:var(--divider-border-width) var(--divider-border-style) var(--divider-color)}.elementor-widget-divider--element-align-left .elementor-divider .elementor-divider-separator>.elementor-divider__svg:first-of-type{flex-grow:0;flex-shrink:100}.elementor-widget-divider--element-align-left .elementor-divider-separator:before{content:none}.elementor-widget-divider--element-align-left .elementor-divider__element{margin-left:0}.elementor-widget-divider--element-align-right .elementor-divider .elementor-divider-separator>.elementor-divider__svg:last-of-type{flex-grow:0;flex-shrink:100}.elementor-widget-divider--element-align-right .elementor-divider-separator:after{content:none}.elementor-widget-divider--element-align-right .elementor-divider__element{margin-right:0}.elementor-widget-divider:not(.elementor-widget-divider--view-line_text):not(.elementor-widget-divider--view-line_icon) .elementor-divider-separator{border-top:var(--divider-border-width) var(--divider-border-style) var(--divider-color)}.elementor-widget-divider--separator-type-pattern{--divider-border-style:none}.elementor-widget-divider--separator-type-pattern.elementor-widget-divider--view-line .elementor-divider-separator,.elementor-widget-divider--separator-type-pattern:not(.elementor-widget-divider--view-line) .elementor-divider-separator:after,.elementor-widget-divider--separator-type-pattern:not(.elementor-widget-divider--view-line) .elementor-divider-separator:before,.elementor-widget-divider--separator-type-pattern:not([class*=elementor-widget-divider--view]) .elementor-divider-separator{width:100%;min-height:var(--divider-pattern-height);-webkit-mask-size:var(--divider-pattern-size) 100%;mask-size:var(--divider-pattern-size) 100%;-webkit-mask-repeat:var(--divider-pattern-repeat);mask-repeat:var(--divider-pattern-repeat);background-color:var(--divider-color);-webkit-mask-image:var(--divider-pattern-url);mask-image:var(--divider-pattern-url)}.elementor-widget-divider--no-spacing{--divider-pattern-size:auto}.elementor-widget-divider--bg-round{--divider-pattern-repeat:round}.rtl .elementor-widget-divider .elementor-divider__text{direction:rtl}.e-con-inner>.elementor-widget-divider,.e-con>.elementor-widget-divider{width:var(--container-widget-width,100%);--flex-grow:var(--container-widget-flex-grow)}<\/style>\t\t<div class=\"elementor-divider\">\n\t\t\t<span class=\"elementor-divider-separator\">\n\t\t\t\t\t\t<\/span>\n\t\t<\/div>\n\t\t\t\t<\/div>\n\t\t\t\t<\/div>\n\t\t\t\t\t<\/div>\n\t\t<\/div>\n\t\t\t\t\t\t\t<\/div>\n\t\t<\/section>\n\t\t\t\t<section class=\"elementor-section elementor-top-section elementor-element elementor-element-a630462 elementor-section-boxed elementor-section-height-default elementor-section-height-default\" data-id=\"a630462\" data-element_type=\"section\">\n\t\t\t\t\t\t<div class=\"elementor-container elementor-column-gap-default\">\n\t\t\t\t\t<div class=\"elementor-column elementor-col-33 elementor-top-column elementor-element elementor-element-5952424\" data-id=\"5952424\" data-element_type=\"column\">\n\t\t\t<div class=\"elementor-widget-wrap elementor-element-populated\">\n\t\t\t\t\t\t\t\t<div class=\"elementor-element elementor-element-9c023d7 elementor-widget elementor-widget-image\" data-id=\"9c023d7\" data-element_type=\"widget\" data-widget_type=\"image.default\">\n\t\t\t\t<div class=\"elementor-widget-container\">\n\t\t\t<style>\/*! elementor - v3.18.0 - 06-12-2023 *\/\n.elementor-widget-image{text-align:center}.elementor-widget-image a{display:inline-block}.elementor-widget-image a img[src$=\".svg\"]{width:48px}.elementor-widget-image img{vertical-align:middle;display:inline-block}<\/style>\t\t\t\t\t\t\t\t\t\t\t\t<img fetchpriority=\"high\" decoding=\"async\" width=\"1024\" height=\"235\" src=\"https:\/\/mooc4tutors.eu\/wp-content\/uploads\/2023\/06\/LT_Co-fundedbytheEU_RGB_POS-1024x235.png\" class=\"attachment-large size-large wp-image-34\" alt=\"\" srcset=\"https:\/\/mooc4tutors.eu\/wp-content\/uploads\/2023\/06\/LT_Co-fundedbytheEU_RGB_POS-1024x235.png 1024w, https:\/\/mooc4tutors.eu\/wp-content\/uploads\/2023\/06\/LT_Co-fundedbytheEU_RGB_POS-300x69.png 300w, https:\/\/mooc4tutors.eu\/wp-content\/uploads\/2023\/06\/LT_Co-fundedbytheEU_RGB_POS-768x176.png 768w, https:\/\/mooc4tutors.eu\/wp-content\/uploads\/2023\/06\/LT_Co-fundedbytheEU_RGB_POS-1536x353.png 1536w, https:\/\/mooc4tutors.eu\/wp-content\/uploads\/2023\/06\/LT_Co-fundedbytheEU_RGB_POS-2048x471.png 2048w\" sizes=\"(max-width: 1024px) 100vw, 1024px\" \/>\t\t\t\t\t\t\t\t\t\t\t\t\t\t\t<\/div>\n\t\t\t\t<\/div>\n\t\t\t\t\t<\/div>\n\t\t<\/div>\n\t\t\t\t<div class=\"elementor-column elementor-col-66 elementor-top-column elementor-element elementor-element-66002f7\" data-id=\"66002f7\" data-element_type=\"column\">\n\t\t\t<div class=\"elementor-widget-wrap elementor-element-populated\">\n\t\t\t\t\t\t\t\t<div class=\"elementor-element elementor-element-0252001 elementor-widget elementor-widget-text-editor\" data-id=\"0252001\" data-element_type=\"widget\" data-widget_type=\"text-editor.default\">\n\t\t\t\t<div class=\"elementor-widget-container\">\n\t\t\t\t\t\t\t<p>Finansuojama Europos S\u0105jungos l\u0117\u0161omis. Ta\u010diau i\u0161rei\u0161kiamas po\u017ei\u016bris ar nuomon\u0117 yra tik autoriaus (-i\u0173) ir neb\u016btinai atspindi Europos S\u0105jungos ar Europos \u0161vietimo ir kult\u016bros vykdomosios \u012fstaigos (EACEA) po\u017ei\u016br\u012f ar nuomon\u0119. Nei Europos S\u0105junga, nei EACEA negali b\u016bti laikoma u\u017e juos atsakinga.<\/p><p>(Projekto kodas: 2022-2-BE01-KA220-VET-000097289)<\/p>\t\t\t\t\t\t<\/div>\n\t\t\t\t<\/div>\n\t\t\t\t\t<\/div>\n\t\t<\/div>\n\t\t\t\t\t\t\t<\/div>\n\t\t<\/section>\n\t\t\t\t\t\t\t<\/div>\n\t\t","protected":false},"excerpt":{"rendered":"<p>Pavyzdiniai pamok\u0173 planai Pagerinkite savo pamok\u0173 kokyb\u0119 naudodamiesi m\u016bs\u0173 sukurtais pamokos plano pavyzd\u017eiais! Kiekviename pamokos plane pateikiama konkre\u010diam dalykui skirta mokymo seka ir veiksming\u0173 priemoni\u0173 i\u0161 m\u016bs\u0173 sukurto u\u017eduo\u010di\u0173 lap\u0173 naudojimo vadovo. \u0160iuose pamok\u0173 pavyzd\u017eiuose korepetitoriams si\u016bloma praktin\u0117 sistema, padedanti mokymo veikl\u0105 vykdyti integruojant \u012ftraukian\u010di\u0173 u\u017eduo\u010di\u0173 ir patikrint\u0173 strategij\u0173. Finansuojama Europos S\u0105jungos l\u0117\u0161omis. Ta\u010diau i\u0161rei\u0161kiamas &hellip;<\/p>\n<p class=\"read-more\"> <a class=\"\" href=\"https:\/\/mooc4tutors.eu\/?page_id=2988&#038;lang=lt\"> <span class=\"screen-reader-text\">Pavyzdiniai pamok\u0173 planai<\/span> Read More &raquo;<\/a><\/p>\n","protected":false},"author":1,"featured_media":0,"parent":2142,"menu_order":0,"comment_status":"closed","ping_status":"closed","template":"","meta":{"site-sidebar-layout":"no-sidebar","site-content-layout":"page-builder","ast-global-header-display":"","ast-banner-title-visibility":"","ast-main-header-display":"","ast-hfb-above-header-display":"","ast-hfb-below-header-display":"","ast-hfb-mobile-header-display":"","site-post-title":"disabled","ast-breadcrumbs-content":"","ast-featured-img":"disabled","footer-sml-layout":"","theme-transparent-header-meta":"","adv-header-id-meta":"","stick-header-meta":"","header-above-stick-meta":"","header-main-stick-meta":"","header-below-stick-meta":"","footnotes":""},"class_list":["post-2988","page","type-page","status-publish","hentry"],"_links":{"self":[{"href":"https:\/\/mooc4tutors.eu\/index.php?rest_route=\/wp\/v2\/pages\/2988","targetHints":{"allow":["GET"]}}],"collection":[{"href":"https:\/\/mooc4tutors.eu\/index.php?rest_route=\/wp\/v2\/pages"}],"about":[{"href":"https:\/\/mooc4tutors.eu\/index.php?rest_route=\/wp\/v2\/types\/page"}],"author":[{"embeddable":true,"href":"https:\/\/mooc4tutors.eu\/index.php?rest_route=\/wp\/v2\/users\/1"}],"replies":[{"embeddable":true,"href":"https:\/\/mooc4tutors.eu\/index.php?rest_route=%2Fwp%2Fv2%2Fcomments&post=2988"}],"version-history":[{"count":10,"href":"https:\/\/mooc4tutors.eu\/index.php?rest_route=\/wp\/v2\/pages\/2988\/revisions"}],"predecessor-version":[{"id":3018,"href":"https:\/\/mooc4tutors.eu\/index.php?rest_route=\/wp\/v2\/pages\/2988\/revisions\/3018"}],"up":[{"embeddable":true,"href":"https:\/\/mooc4tutors.eu\/index.php?rest_route=\/wp\/v2\/pages\/2142"}],"wp:attachment":[{"href":"https:\/\/mooc4tutors.eu\/index.php?rest_route=%2Fwp%2Fv2%2Fmedia&parent=2988"}],"curies":[{"name":"wp","href":"https:\/\/api.w.org\/{rel}","templated":true}]}}