{"id":2380,"date":"2024-09-11T11:22:59","date_gmt":"2024-09-11T11:22:59","guid":{"rendered":"https:\/\/mooc4tutors.eu\/?page_id=2380"},"modified":"2024-09-11T11:25:29","modified_gmt":"2024-09-11T11:25:29","slug":"pritaikymo-kontrolinis-sarasas","status":"publish","type":"page","link":"https:\/\/mooc4tutors.eu\/?page_id=2380&lang=lt","title":{"rendered":"Pritaikymo kontrolinis s\u0105ra\u0161as"},"content":{"rendered":"\t\t<div data-elementor-type=\"wp-page\" data-elementor-id=\"2380\" class=\"elementor elementor-2380\">\n\t\t\t\t\t\t\t\t\t<section class=\"elementor-section elementor-top-section elementor-element elementor-element-aac7393 elementor-section-boxed elementor-section-height-default elementor-section-height-default\" data-id=\"aac7393\" data-element_type=\"section\">\n\t\t\t\t\t\t<div class=\"elementor-container elementor-column-gap-default\">\n\t\t\t\t\t<div class=\"elementor-column elementor-col-100 elementor-top-column elementor-element elementor-element-328d780\" data-id=\"328d780\" data-element_type=\"column\">\n\t\t\t<div class=\"elementor-widget-wrap elementor-element-populated\">\n\t\t\t\t\t\t\t\t<div class=\"elementor-element elementor-element-e805b82 elementor-widget elementor-widget-heading\" data-id=\"e805b82\" data-element_type=\"widget\" data-widget_type=\"heading.default\">\n\t\t\t\t<div class=\"elementor-widget-container\">\n\t\t\t<style>\/*! elementor - v3.18.0 - 06-12-2023 *\/\n.elementor-heading-title{padding:0;margin:0;line-height:1}.elementor-widget-heading .elementor-heading-title[class*=elementor-size-]>a{color:inherit;font-size:inherit;line-height:inherit}.elementor-widget-heading .elementor-heading-title.elementor-size-small{font-size:15px}.elementor-widget-heading .elementor-heading-title.elementor-size-medium{font-size:19px}.elementor-widget-heading .elementor-heading-title.elementor-size-large{font-size:29px}.elementor-widget-heading .elementor-heading-title.elementor-size-xl{font-size:39px}.elementor-widget-heading .elementor-heading-title.elementor-size-xxl{font-size:59px}<\/style><h2 class=\"elementor-heading-title elementor-size-default\">Pritaikymo kontrolinis s\u0105ra\u0161as<\/h2>\t\t<\/div>\n\t\t\t\t<\/div>\n\t\t\t\t<div class=\"elementor-element elementor-element-bbb3db3 elementor-widget__width-initial elementor-widget elementor-widget-text-editor\" data-id=\"bbb3db3\" data-element_type=\"widget\" data-widget_type=\"text-editor.default\">\n\t\t\t\t<div class=\"elementor-widget-container\">\n\t\t\t<style>\/*! elementor - v3.18.0 - 06-12-2023 *\/\n.elementor-widget-text-editor.elementor-drop-cap-view-stacked .elementor-drop-cap{background-color:#69727d;color:#fff}.elementor-widget-text-editor.elementor-drop-cap-view-framed .elementor-drop-cap{color:#69727d;border:3px solid;background-color:transparent}.elementor-widget-text-editor:not(.elementor-drop-cap-view-default) .elementor-drop-cap{margin-top:8px}.elementor-widget-text-editor:not(.elementor-drop-cap-view-default) .elementor-drop-cap-letter{width:1em;height:1em}.elementor-widget-text-editor .elementor-drop-cap{float:left;text-align:center;line-height:1;font-size:50px}.elementor-widget-text-editor .elementor-drop-cap-letter{display:inline-block}<\/style>\t\t\t\t<p>Pritaikykite mokym\u0105 taip, kad jis atitikt\u0173 kiekvieno besimokan\u010diojo poreikius. \u0160iame kontroliniame s\u0105ra\u0161e paeiliui pateikiamos rekomendacijos, kaip pritaikyti i\u0161teklius mokiniams, turintiems mokymosi skirtum\u0173, kad niekas nelikt\u0173 nuo\u0161alyje. Padarykite savo klas\u0119 prieinam\u0105 visiems.<\/p>\t\t\t\t\t\t<\/div>\n\t\t\t\t<\/div>\n\t\t\t\t\t<\/div>\n\t\t<\/div>\n\t\t\t\t\t\t\t<\/div>\n\t\t<\/section>\n\t\t\t\t<section class=\"elementor-section elementor-top-section elementor-element elementor-element-6b35744 elementor-section-boxed elementor-section-height-default elementor-section-height-default\" data-id=\"6b35744\" data-element_type=\"section\" id=\"sdm_toolkits\">\n\t\t\t\t\t\t<div class=\"elementor-container elementor-column-gap-default\">\n\t\t\t\t\t<div class=\"elementor-column elementor-col-50 elementor-top-column elementor-element elementor-element-c9c038c elementor-hidden-mobile\" data-id=\"c9c038c\" data-element_type=\"column\">\n\t\t\t<div class=\"elementor-widget-wrap elementor-element-populated\">\n\t\t\t\t\t\t\t\t<div class=\"elementor-element elementor-element-48cf281 elementor-hidden-mobile elementor-view-default elementor-widget elementor-widget-icon\" data-id=\"48cf281\" data-element_type=\"widget\" data-widget_type=\"icon.default\">\n\t\t\t\t<div class=\"elementor-widget-container\">\n\t\t\t\t\t<div class=\"elementor-icon-wrapper\">\n\t\t\t<div class=\"elementor-icon\">\n\t\t\t<i aria-hidden=\"true\" class=\"fas fa-arrow-alt-circle-right\"><\/i>\t\t\t<\/div>\n\t\t<\/div>\n\t\t\t\t<\/div>\n\t\t\t\t<\/div>\n\t\t\t\t<div class=\"elementor-element elementor-element-a6e2629 elementor-hidden-mobile elementor-view-default elementor-widget elementor-widget-icon\" data-id=\"a6e2629\" data-element_type=\"widget\" data-widget_type=\"icon.default\">\n\t\t\t\t<div class=\"elementor-widget-container\">\n\t\t\t\t\t<div class=\"elementor-icon-wrapper\">\n\t\t\t<div class=\"elementor-icon\">\n\t\t\t<i aria-hidden=\"true\" class=\"fas fa-arrow-alt-circle-right\"><\/i>\t\t\t<\/div>\n\t\t<\/div>\n\t\t\t\t<\/div>\n\t\t\t\t<\/div>\n\t\t\t\t<div class=\"elementor-element elementor-element-682adaa elementor-hidden-mobile elementor-view-default elementor-widget elementor-widget-icon\" data-id=\"682adaa\" data-element_type=\"widget\" data-widget_type=\"icon.default\">\n\t\t\t\t<div class=\"elementor-widget-container\">\n\t\t\t\t\t<div class=\"elementor-icon-wrapper\">\n\t\t\t<div class=\"elementor-icon\">\n\t\t\t<i aria-hidden=\"true\" class=\"fas fa-arrow-alt-circle-right\"><\/i>\t\t\t<\/div>\n\t\t<\/div>\n\t\t\t\t<\/div>\n\t\t\t\t<\/div>\n\t\t\t\t<div class=\"elementor-element elementor-element-32145a3 elementor-hidden-mobile elementor-view-default elementor-widget elementor-widget-icon\" data-id=\"32145a3\" data-element_type=\"widget\" data-widget_type=\"icon.default\">\n\t\t\t\t<div class=\"elementor-widget-container\">\n\t\t\t\t\t<div class=\"elementor-icon-wrapper\">\n\t\t\t<div class=\"elementor-icon\">\n\t\t\t<i aria-hidden=\"true\" class=\"fas fa-arrow-alt-circle-right\"><\/i>\t\t\t<\/div>\n\t\t<\/div>\n\t\t\t\t<\/div>\n\t\t\t\t<\/div>\n\t\t\t\t<div class=\"elementor-element elementor-element-31a5575 elementor-hidden-mobile elementor-view-default elementor-widget elementor-widget-icon\" data-id=\"31a5575\" data-element_type=\"widget\" data-widget_type=\"icon.default\">\n\t\t\t\t<div class=\"elementor-widget-container\">\n\t\t\t\t\t<div class=\"elementor-icon-wrapper\">\n\t\t\t<div class=\"elementor-icon\">\n\t\t\t<i aria-hidden=\"true\" class=\"fas fa-arrow-alt-circle-right\"><\/i>\t\t\t<\/div>\n\t\t<\/div>\n\t\t\t\t<\/div>\n\t\t\t\t<\/div>\n\t\t\t\t<div class=\"elementor-element elementor-element-23e0ce3 elementor-hidden-mobile elementor-view-default elementor-widget elementor-widget-icon\" data-id=\"23e0ce3\" data-element_type=\"widget\" data-widget_type=\"icon.default\">\n\t\t\t\t<div class=\"elementor-widget-container\">\n\t\t\t\t\t<div class=\"elementor-icon-wrapper\">\n\t\t\t<div class=\"elementor-icon\">\n\t\t\t<i aria-hidden=\"true\" class=\"fas fa-arrow-alt-circle-right\"><\/i>\t\t\t<\/div>\n\t\t<\/div>\n\t\t\t\t<\/div>\n\t\t\t\t<\/div>\n\t\t\t\t\t<\/div>\n\t\t<\/div>\n\t\t\t\t<div class=\"elementor-column elementor-col-50 elementor-top-column elementor-element elementor-element-c4f9370\" data-id=\"c4f9370\" data-element_type=\"column\">\n\t\t\t<div class=\"elementor-widget-wrap elementor-element-populated\">\n\t\t\t\t\t\t\t\t<div class=\"elementor-element elementor-element-8f4be19 elementor-widget__width-initial elementor-widget-mobile__width-inherit elementor-widget elementor-widget-text-editor\" data-id=\"8f4be19\" data-element_type=\"widget\" data-widget_type=\"text-editor.default\">\n\t\t\t\t<div class=\"elementor-widget-container\">\n\t\t\t\t\t\t\t<p><div class=\"sdm_fancy2_item \"><div class=\"sdm_fancy2_wrapper\"><div class=\"sdm_fancy2_download_item_top\"><div class=\"sdm_fancy2_download_thumbnail\"><\/div><\/div><div class=\"sdm_fancy2_download_title\">Disleksija<\/div><div class=\"sdm_fancy2_download_link\"><a href=\"https:\/\/mooc4tutors.eu\/?sdm_process_download=1&#038;download_id=1983\" class=\"sdm_fancy2_download_dl_link\" target=\"_self\">Atsisi\u0173sti<\/a><\/div><\/div><\/div><div class=\"sdm_clear_float\"><\/div><\/p><p><div class=\"sdm_fancy2_item \"><div class=\"sdm_fancy2_wrapper\"><div class=\"sdm_fancy2_download_item_top\"><div class=\"sdm_fancy2_download_thumbnail\"><\/div><\/div><div class=\"sdm_fancy2_download_title\">Diskalkulija<\/div><div class=\"sdm_fancy2_download_link\"><a href=\"https:\/\/mooc4tutors.eu\/?sdm_process_download=1&#038;download_id=1985\" class=\"sdm_fancy2_download_dl_link\" target=\"_self\">Atsisi\u0173sti<\/a><\/div><\/div><\/div><div class=\"sdm_clear_float\"><\/div><\/p><p><div class=\"sdm_fancy2_item \"><div class=\"sdm_fancy2_wrapper\"><div class=\"sdm_fancy2_download_item_top\"><div class=\"sdm_fancy2_download_thumbnail\"><\/div><\/div><div class=\"sdm_fancy2_download_title\">Dispraksija<\/div><div class=\"sdm_fancy2_download_link\"><a href=\"https:\/\/mooc4tutors.eu\/?sdm_process_download=1&#038;download_id=1987\" class=\"sdm_fancy2_download_dl_link\" target=\"_self\">Atsisi\u0173sti<\/a><\/div><\/div><\/div><div class=\"sdm_clear_float\"><\/div><\/p><p><div class=\"sdm_fancy2_item \"><div class=\"sdm_fancy2_wrapper\"><div class=\"sdm_fancy2_download_item_top\"><div class=\"sdm_fancy2_download_thumbnail\"><\/div><\/div><div class=\"sdm_fancy2_download_title\">Disortografija<\/div><div class=\"sdm_fancy2_download_link\"><a href=\"https:\/\/mooc4tutors.eu\/?sdm_process_download=1&#038;download_id=1989\" class=\"sdm_fancy2_download_dl_link\" target=\"_self\">Atsisi\u0173sti<\/a><\/div><\/div><\/div><div class=\"sdm_clear_float\"><\/div><\/p><p><div class=\"sdm_fancy2_item \"><div class=\"sdm_fancy2_wrapper\"><div class=\"sdm_fancy2_download_item_top\"><div class=\"sdm_fancy2_download_thumbnail\"><\/div><\/div><div class=\"sdm_fancy2_download_title\">Disgrafija<\/div><div class=\"sdm_fancy2_download_link\"><a href=\"https:\/\/mooc4tutors.eu\/?sdm_process_download=1&#038;download_id=1991\" class=\"sdm_fancy2_download_dl_link\" target=\"_self\">Atsisi\u0173sti<\/a><\/div><\/div><\/div><div class=\"sdm_clear_float\"><\/div><\/p><p><div class=\"sdm_fancy2_item \"><div class=\"sdm_fancy2_wrapper\"><div class=\"sdm_fancy2_download_item_top\"><div class=\"sdm_fancy2_download_thumbnail\"><\/div><\/div><div class=\"sdm_fancy2_download_title\">ADHD<\/div><div class=\"sdm_fancy2_download_link\"><a href=\"https:\/\/mooc4tutors.eu\/?sdm_process_download=1&#038;download_id=1993\" class=\"sdm_fancy2_download_dl_link\" target=\"_self\">Atsisi\u0173sti<\/a><\/div><\/div><\/div><div class=\"sdm_clear_float\"><\/div><\/p>\t\t\t\t\t\t<\/div>\n\t\t\t\t<\/div>\n\t\t\t\t\t<\/div>\n\t\t<\/div>\n\t\t\t\t\t\t\t<\/div>\n\t\t<\/section>\n\t\t\t\t<section class=\"elementor-section elementor-top-section elementor-element elementor-element-2a6b9de elementor-section-boxed elementor-section-height-default elementor-section-height-default\" data-id=\"2a6b9de\" data-element_type=\"section\">\n\t\t\t\t\t\t<div class=\"elementor-container elementor-column-gap-default\">\n\t\t\t\t\t<div class=\"elementor-column elementor-col-100 elementor-top-column elementor-element elementor-element-d3e1a92\" data-id=\"d3e1a92\" data-element_type=\"column\">\n\t\t\t<div class=\"elementor-widget-wrap elementor-element-populated\">\n\t\t\t\t\t\t\t\t<div class=\"elementor-element elementor-element-9ec6169 elementor-widget-divider--view-line elementor-widget elementor-widget-divider\" data-id=\"9ec6169\" data-element_type=\"widget\" data-widget_type=\"divider.default\">\n\t\t\t\t<div class=\"elementor-widget-container\">\n\t\t\t<style>\/*! elementor - v3.18.0 - 06-12-2023 *\/\n.elementor-widget-divider{--divider-border-style:none;--divider-border-width:1px;--divider-color:#0c0d0e;--divider-icon-size:20px;--divider-element-spacing:10px;--divider-pattern-height:24px;--divider-pattern-size:20px;--divider-pattern-url:none;--divider-pattern-repeat:repeat-x}.elementor-widget-divider .elementor-divider{display:flex}.elementor-widget-divider .elementor-divider__text{font-size:15px;line-height:1;max-width:95%}.elementor-widget-divider .elementor-divider__element{margin:0 var(--divider-element-spacing);flex-shrink:0}.elementor-widget-divider .elementor-icon{font-size:var(--divider-icon-size)}.elementor-widget-divider .elementor-divider-separator{display:flex;margin:0;direction:ltr}.elementor-widget-divider--view-line_icon .elementor-divider-separator,.elementor-widget-divider--view-line_text .elementor-divider-separator{align-items:center}.elementor-widget-divider--view-line_icon .elementor-divider-separator:after,.elementor-widget-divider--view-line_icon .elementor-divider-separator:before,.elementor-widget-divider--view-line_text .elementor-divider-separator:after,.elementor-widget-divider--view-line_text .elementor-divider-separator:before{display:block;content:\"\";border-bottom:0;flex-grow:1;border-top:var(--divider-border-width) var(--divider-border-style) var(--divider-color)}.elementor-widget-divider--element-align-left .elementor-divider .elementor-divider-separator>.elementor-divider__svg:first-of-type{flex-grow:0;flex-shrink:100}.elementor-widget-divider--element-align-left .elementor-divider-separator:before{content:none}.elementor-widget-divider--element-align-left .elementor-divider__element{margin-left:0}.elementor-widget-divider--element-align-right .elementor-divider .elementor-divider-separator>.elementor-divider__svg:last-of-type{flex-grow:0;flex-shrink:100}.elementor-widget-divider--element-align-right .elementor-divider-separator:after{content:none}.elementor-widget-divider--element-align-right .elementor-divider__element{margin-right:0}.elementor-widget-divider:not(.elementor-widget-divider--view-line_text):not(.elementor-widget-divider--view-line_icon) .elementor-divider-separator{border-top:var(--divider-border-width) var(--divider-border-style) var(--divider-color)}.elementor-widget-divider--separator-type-pattern{--divider-border-style:none}.elementor-widget-divider--separator-type-pattern.elementor-widget-divider--view-line .elementor-divider-separator,.elementor-widget-divider--separator-type-pattern:not(.elementor-widget-divider--view-line) .elementor-divider-separator:after,.elementor-widget-divider--separator-type-pattern:not(.elementor-widget-divider--view-line) .elementor-divider-separator:before,.elementor-widget-divider--separator-type-pattern:not([class*=elementor-widget-divider--view]) .elementor-divider-separator{width:100%;min-height:var(--divider-pattern-height);-webkit-mask-size:var(--divider-pattern-size) 100%;mask-size:var(--divider-pattern-size) 100%;-webkit-mask-repeat:var(--divider-pattern-repeat);mask-repeat:var(--divider-pattern-repeat);background-color:var(--divider-color);-webkit-mask-image:var(--divider-pattern-url);mask-image:var(--divider-pattern-url)}.elementor-widget-divider--no-spacing{--divider-pattern-size:auto}.elementor-widget-divider--bg-round{--divider-pattern-repeat:round}.rtl .elementor-widget-divider .elementor-divider__text{direction:rtl}.e-con-inner>.elementor-widget-divider,.e-con>.elementor-widget-divider{width:var(--container-widget-width,100%);--flex-grow:var(--container-widget-flex-grow)}<\/style>\t\t<div class=\"elementor-divider\">\n\t\t\t<span class=\"elementor-divider-separator\">\n\t\t\t\t\t\t<\/span>\n\t\t<\/div>\n\t\t\t\t<\/div>\n\t\t\t\t<\/div>\n\t\t\t\t\t<\/div>\n\t\t<\/div>\n\t\t\t\t\t\t\t<\/div>\n\t\t<\/section>\n\t\t\t\t<section class=\"elementor-section elementor-top-section elementor-element elementor-element-96a490e elementor-section-boxed elementor-section-height-default elementor-section-height-default\" data-id=\"96a490e\" data-element_type=\"section\">\n\t\t\t\t\t\t<div class=\"elementor-container elementor-column-gap-default\">\n\t\t\t\t\t<div class=\"elementor-column elementor-col-33 elementor-top-column elementor-element elementor-element-c632768\" data-id=\"c632768\" data-element_type=\"column\">\n\t\t\t<div class=\"elementor-widget-wrap elementor-element-populated\">\n\t\t\t\t\t\t\t\t<div class=\"elementor-element elementor-element-c5a9f98 elementor-widget elementor-widget-image\" data-id=\"c5a9f98\" data-element_type=\"widget\" data-widget_type=\"image.default\">\n\t\t\t\t<div class=\"elementor-widget-container\">\n\t\t\t<style>\/*! elementor - v3.18.0 - 06-12-2023 *\/\n.elementor-widget-image{text-align:center}.elementor-widget-image a{display:inline-block}.elementor-widget-image a img[src$=\".svg\"]{width:48px}.elementor-widget-image img{vertical-align:middle;display:inline-block}<\/style>\t\t\t\t\t\t\t\t\t\t\t\t<img fetchpriority=\"high\" decoding=\"async\" width=\"1024\" height=\"235\" src=\"https:\/\/mooc4tutors.eu\/wp-content\/uploads\/2023\/06\/LT_Co-fundedbytheEU_RGB_POS-1024x235.png\" class=\"attachment-large size-large wp-image-34\" alt=\"\" srcset=\"https:\/\/mooc4tutors.eu\/wp-content\/uploads\/2023\/06\/LT_Co-fundedbytheEU_RGB_POS-1024x235.png 1024w, https:\/\/mooc4tutors.eu\/wp-content\/uploads\/2023\/06\/LT_Co-fundedbytheEU_RGB_POS-300x69.png 300w, https:\/\/mooc4tutors.eu\/wp-content\/uploads\/2023\/06\/LT_Co-fundedbytheEU_RGB_POS-768x176.png 768w, https:\/\/mooc4tutors.eu\/wp-content\/uploads\/2023\/06\/LT_Co-fundedbytheEU_RGB_POS-1536x353.png 1536w, https:\/\/mooc4tutors.eu\/wp-content\/uploads\/2023\/06\/LT_Co-fundedbytheEU_RGB_POS-2048x471.png 2048w\" sizes=\"(max-width: 1024px) 100vw, 1024px\" \/>\t\t\t\t\t\t\t\t\t\t\t\t\t\t\t<\/div>\n\t\t\t\t<\/div>\n\t\t\t\t\t<\/div>\n\t\t<\/div>\n\t\t\t\t<div class=\"elementor-column elementor-col-66 elementor-top-column elementor-element elementor-element-39dafda\" data-id=\"39dafda\" data-element_type=\"column\">\n\t\t\t<div class=\"elementor-widget-wrap elementor-element-populated\">\n\t\t\t\t\t\t\t\t<div class=\"elementor-element elementor-element-425765e elementor-widget elementor-widget-text-editor\" data-id=\"425765e\" data-element_type=\"widget\" data-widget_type=\"text-editor.default\">\n\t\t\t\t<div class=\"elementor-widget-container\">\n\t\t\t\t\t\t\t<p>Finansuojama Europos S\u0105jungos l\u0117\u0161omis. Ta\u010diau i\u0161rei\u0161kiamas po\u017ei\u016bris ar nuomon\u0117 yra tik autoriaus (-i\u0173) ir neb\u016btinai atspindi Europos S\u0105jungos ar Europos \u0161vietimo ir kult\u016bros vykdomosios \u012fstaigos (EACEA) po\u017ei\u016br\u012f ar nuomon\u0119. Nei Europos S\u0105junga, nei EACEA negali b\u016bti laikoma u\u017e juos atsakinga.<\/p><p>(Projekto kodas: 2022-2-BE01-KA220-VET-000097289)<\/p>\t\t\t\t\t\t<\/div>\n\t\t\t\t<\/div>\n\t\t\t\t\t<\/div>\n\t\t<\/div>\n\t\t\t\t\t\t\t<\/div>\n\t\t<\/section>\n\t\t\t\t\t\t\t<\/div>\n\t\t","protected":false},"excerpt":{"rendered":"<p>Pritaikymo kontrolinis s\u0105ra\u0161as Pritaikykite mokym\u0105 taip, kad jis atitikt\u0173 kiekvieno besimokan\u010diojo poreikius. \u0160iame kontroliniame s\u0105ra\u0161e paeiliui pateikiamos rekomendacijos, kaip pritaikyti i\u0161teklius mokiniams, turintiems mokymosi skirtum\u0173, kad niekas nelikt\u0173 nuo\u0161alyje. Padarykite savo klas\u0119 prieinam\u0105 visiems. Finansuojama Europos S\u0105jungos l\u0117\u0161omis. Ta\u010diau i\u0161rei\u0161kiamas po\u017ei\u016bris ar nuomon\u0117 yra tik autoriaus (-i\u0173) ir neb\u016btinai atspindi Europos S\u0105jungos ar Europos \u0161vietimo &hellip;<\/p>\n<p class=\"read-more\"> <a class=\"\" href=\"https:\/\/mooc4tutors.eu\/?page_id=2380&#038;lang=lt\"> <span class=\"screen-reader-text\">Pritaikymo kontrolinis s\u0105ra\u0161as<\/span> Read More &raquo;<\/a><\/p>\n","protected":false},"author":1,"featured_media":0,"parent":2142,"menu_order":0,"comment_status":"closed","ping_status":"closed","template":"","meta":{"site-sidebar-layout":"no-sidebar","site-content-layout":"page-builder","ast-global-header-display":"","ast-banner-title-visibility":"","ast-main-header-display":"","ast-hfb-above-header-display":"","ast-hfb-below-header-display":"","ast-hfb-mobile-header-display":"","site-post-title":"disabled","ast-breadcrumbs-content":"","ast-featured-img":"disabled","footer-sml-layout":"","theme-transparent-header-meta":"","adv-header-id-meta":"","stick-header-meta":"","header-above-stick-meta":"","header-main-stick-meta":"","header-below-stick-meta":"","footnotes":""},"class_list":["post-2380","page","type-page","status-publish","hentry"],"_links":{"self":[{"href":"https:\/\/mooc4tutors.eu\/index.php?rest_route=\/wp\/v2\/pages\/2380","targetHints":{"allow":["GET"]}}],"collection":[{"href":"https:\/\/mooc4tutors.eu\/index.php?rest_route=\/wp\/v2\/pages"}],"about":[{"href":"https:\/\/mooc4tutors.eu\/index.php?rest_route=\/wp\/v2\/types\/page"}],"author":[{"embeddable":true,"href":"https:\/\/mooc4tutors.eu\/index.php?rest_route=\/wp\/v2\/users\/1"}],"replies":[{"embeddable":true,"href":"https:\/\/mooc4tutors.eu\/index.php?rest_route=%2Fwp%2Fv2%2Fcomments&post=2380"}],"version-history":[{"count":4,"href":"https:\/\/mooc4tutors.eu\/index.php?rest_route=\/wp\/v2\/pages\/2380\/revisions"}],"predecessor-version":[{"id":2388,"href":"https:\/\/mooc4tutors.eu\/index.php?rest_route=\/wp\/v2\/pages\/2380\/revisions\/2388"}],"up":[{"embeddable":true,"href":"https:\/\/mooc4tutors.eu\/index.php?rest_route=\/wp\/v2\/pages\/2142"}],"wp:attachment":[{"href":"https:\/\/mooc4tutors.eu\/index.php?rest_route=%2Fwp%2Fv2%2Fmedia&parent=2380"}],"curies":[{"name":"wp","href":"https:\/\/api.w.org\/{rel}","templated":true}]}}