{"id":2164,"date":"2024-09-11T05:39:24","date_gmt":"2024-09-11T05:39:24","guid":{"rendered":"https:\/\/mooc4tutors.eu\/?page_id=2164"},"modified":"2024-09-11T05:42:06","modified_gmt":"2024-09-11T05:42:06","slug":"education-freelancer-toolkit","status":"publish","type":"page","link":"https:\/\/mooc4tutors.eu\/?page_id=2164&lang=fr","title":{"rendered":"Education freelancer toolkit"},"content":{"rendered":"\t\t<div data-elementor-type=\"wp-page\" data-elementor-id=\"2164\" class=\"elementor elementor-2164\">\n\t\t\t\t\t\t\t\t\t<section class=\"elementor-section elementor-top-section elementor-element elementor-element-3d043a2 elementor-section-boxed elementor-section-height-default elementor-section-height-default\" data-id=\"3d043a2\" data-element_type=\"section\">\n\t\t\t\t\t\t<div class=\"elementor-container elementor-column-gap-default\">\n\t\t\t\t\t<div class=\"elementor-column elementor-col-100 elementor-top-column elementor-element elementor-element-ed77eef\" data-id=\"ed77eef\" data-element_type=\"column\">\n\t\t\t<div class=\"elementor-widget-wrap elementor-element-populated\">\n\t\t\t\t\t\t\t\t<div class=\"elementor-element elementor-element-c3a4b62 elementor-widget elementor-widget-heading\" data-id=\"c3a4b62\" data-element_type=\"widget\" data-widget_type=\"heading.default\">\n\t\t\t\t<div class=\"elementor-widget-container\">\n\t\t\t<style>\/*! elementor - v3.18.0 - 06-12-2023 *\/\n.elementor-heading-title{padding:0;margin:0;line-height:1}.elementor-widget-heading .elementor-heading-title[class*=elementor-size-]>a{color:inherit;font-size:inherit;line-height:inherit}.elementor-widget-heading .elementor-heading-title.elementor-size-small{font-size:15px}.elementor-widget-heading .elementor-heading-title.elementor-size-medium{font-size:19px}.elementor-widget-heading .elementor-heading-title.elementor-size-large{font-size:29px}.elementor-widget-heading .elementor-heading-title.elementor-size-xl{font-size:39px}.elementor-widget-heading .elementor-heading-title.elementor-size-xxl{font-size:59px}<\/style><h2 class=\"elementor-heading-title elementor-size-default\">Bo\u00eete \u00e0 outils du freelance de l'\u00e9ducation<\/h2>\t\t<\/div>\n\t\t\t\t<\/div>\n\t\t\t\t<div class=\"elementor-element elementor-element-32b1ec2 elementor-widget__width-initial elementor-widget elementor-widget-text-editor\" data-id=\"32b1ec2\" data-element_type=\"widget\" data-widget_type=\"text-editor.default\">\n\t\t\t\t<div class=\"elementor-widget-container\">\n\t\t\t<style>\/*! elementor - v3.18.0 - 06-12-2023 *\/\n.elementor-widget-text-editor.elementor-drop-cap-view-stacked .elementor-drop-cap{background-color:#69727d;color:#fff}.elementor-widget-text-editor.elementor-drop-cap-view-framed .elementor-drop-cap{color:#69727d;border:3px solid;background-color:transparent}.elementor-widget-text-editor:not(.elementor-drop-cap-view-default) .elementor-drop-cap{margin-top:8px}.elementor-widget-text-editor:not(.elementor-drop-cap-view-default) .elementor-drop-cap-letter{width:1em;height:1em}.elementor-widget-text-editor .elementor-drop-cap{float:left;text-align:center;line-height:1;font-size:50px}.elementor-widget-text-editor .elementor-drop-cap-letter{display:inline-block}<\/style>\t\t\t\t<p>Am\u00e9liorez votre carri\u00e8re d&#8217;enseignant ind\u00e9pendant gr\u00e2ce \u00e0 notre bo\u00eete \u00e0 outils tout-en-un. D\u00e9couvrez des ressources essentielles en mati\u00e8re de marketing, de gestion du temps, de strat\u00e9gies de tarification, etc. Vous disposerez ainsi des outils n\u00e9cessaires pour r\u00e9ussir et prosp\u00e9rer en tant qu&#8217;\u00e9ducateur ind\u00e9pendant.<\/p>\t\t\t\t\t\t<\/div>\n\t\t\t\t<\/div>\n\t\t\t\t\t<\/div>\n\t\t<\/div>\n\t\t\t\t\t\t\t<\/div>\n\t\t<\/section>\n\t\t\t\t<section class=\"elementor-section elementor-top-section elementor-element elementor-element-af415e0 elementor-section-boxed elementor-section-height-default elementor-section-height-default\" data-id=\"af415e0\" data-element_type=\"section\" id=\"sdm_toolkits\">\n\t\t\t\t\t\t<div class=\"elementor-container elementor-column-gap-default\">\n\t\t\t\t\t<div class=\"elementor-column elementor-col-50 elementor-top-column elementor-element elementor-element-029f120 elementor-hidden-mobile\" data-id=\"029f120\" data-element_type=\"column\">\n\t\t\t<div class=\"elementor-widget-wrap elementor-element-populated\">\n\t\t\t\t\t\t\t\t<div class=\"elementor-element elementor-element-9b9815b elementor-hidden-mobile elementor-view-default elementor-widget elementor-widget-icon\" data-id=\"9b9815b\" data-element_type=\"widget\" data-widget_type=\"icon.default\">\n\t\t\t\t<div class=\"elementor-widget-container\">\n\t\t\t\t\t<div class=\"elementor-icon-wrapper\">\n\t\t\t<div class=\"elementor-icon\">\n\t\t\t<i aria-hidden=\"true\" class=\"fas fa-arrow-alt-circle-right\"><\/i>\t\t\t<\/div>\n\t\t<\/div>\n\t\t\t\t<\/div>\n\t\t\t\t<\/div>\n\t\t\t\t<div class=\"elementor-element elementor-element-f12b48b elementor-hidden-mobile elementor-view-default elementor-widget elementor-widget-icon\" data-id=\"f12b48b\" data-element_type=\"widget\" data-widget_type=\"icon.default\">\n\t\t\t\t<div class=\"elementor-widget-container\">\n\t\t\t\t\t<div class=\"elementor-icon-wrapper\">\n\t\t\t<div class=\"elementor-icon\">\n\t\t\t<i aria-hidden=\"true\" class=\"fas fa-arrow-alt-circle-right\"><\/i>\t\t\t<\/div>\n\t\t<\/div>\n\t\t\t\t<\/div>\n\t\t\t\t<\/div>\n\t\t\t\t<div class=\"elementor-element elementor-element-ed2e2d3 elementor-hidden-mobile elementor-view-default elementor-widget elementor-widget-icon\" data-id=\"ed2e2d3\" data-element_type=\"widget\" data-widget_type=\"icon.default\">\n\t\t\t\t<div class=\"elementor-widget-container\">\n\t\t\t\t\t<div class=\"elementor-icon-wrapper\">\n\t\t\t<div class=\"elementor-icon\">\n\t\t\t<i aria-hidden=\"true\" class=\"fas fa-arrow-alt-circle-right\"><\/i>\t\t\t<\/div>\n\t\t<\/div>\n\t\t\t\t<\/div>\n\t\t\t\t<\/div>\n\t\t\t\t<div class=\"elementor-element elementor-element-498a50e elementor-hidden-mobile elementor-view-default elementor-widget elementor-widget-icon\" data-id=\"498a50e\" data-element_type=\"widget\" data-widget_type=\"icon.default\">\n\t\t\t\t<div class=\"elementor-widget-container\">\n\t\t\t\t\t<div class=\"elementor-icon-wrapper\">\n\t\t\t<div class=\"elementor-icon\">\n\t\t\t<i aria-hidden=\"true\" class=\"fas fa-arrow-alt-circle-right\"><\/i>\t\t\t<\/div>\n\t\t<\/div>\n\t\t\t\t<\/div>\n\t\t\t\t<\/div>\n\t\t\t\t<div class=\"elementor-element elementor-element-2e9d6cc elementor-hidden-mobile elementor-view-default elementor-widget elementor-widget-icon\" data-id=\"2e9d6cc\" data-element_type=\"widget\" data-widget_type=\"icon.default\">\n\t\t\t\t<div class=\"elementor-widget-container\">\n\t\t\t\t\t<div class=\"elementor-icon-wrapper\">\n\t\t\t<div class=\"elementor-icon\">\n\t\t\t<i aria-hidden=\"true\" class=\"fas fa-arrow-alt-circle-right\"><\/i>\t\t\t<\/div>\n\t\t<\/div>\n\t\t\t\t<\/div>\n\t\t\t\t<\/div>\n\t\t\t\t<div class=\"elementor-element elementor-element-91b0b8e elementor-hidden-mobile elementor-view-default elementor-widget elementor-widget-icon\" data-id=\"91b0b8e\" data-element_type=\"widget\" data-widget_type=\"icon.default\">\n\t\t\t\t<div class=\"elementor-widget-container\">\n\t\t\t\t\t<div class=\"elementor-icon-wrapper\">\n\t\t\t<div class=\"elementor-icon\">\n\t\t\t<i aria-hidden=\"true\" class=\"fas fa-arrow-alt-circle-right\"><\/i>\t\t\t<\/div>\n\t\t<\/div>\n\t\t\t\t<\/div>\n\t\t\t\t<\/div>\n\t\t\t\t\t<\/div>\n\t\t<\/div>\n\t\t\t\t<div class=\"elementor-column elementor-col-50 elementor-top-column elementor-element elementor-element-ea15d79\" data-id=\"ea15d79\" data-element_type=\"column\">\n\t\t\t<div class=\"elementor-widget-wrap elementor-element-populated\">\n\t\t\t\t\t\t\t\t<div class=\"elementor-element elementor-element-136ff24 elementor-widget__width-initial elementor-widget-mobile__width-inherit elementor-widget elementor-widget-text-editor\" data-id=\"136ff24\" data-element_type=\"widget\" data-widget_type=\"text-editor.default\">\n\t\t\t\t<div class=\"elementor-widget-container\">\n\t\t\t\t\t\t\t<p><div class=\"sdm_fancy2_item \"><div class=\"sdm_fancy2_wrapper\"><div class=\"sdm_fancy2_download_item_top\"><div class=\"sdm_fancy2_download_thumbnail\"><\/div><\/div><div class=\"sdm_fancy2_download_title\">Outils administratifs<\/div><div class=\"sdm_fancy2_download_link\"><a href=\"https:\/\/mooc4tutors.eu\/?sdm_process_download=1&#038;download_id=1751\" class=\"sdm_fancy2_download_dl_link\" target=\"_self\">T\u00e9l\u00e9charger<\/a><\/div><\/div><\/div><div class=\"sdm_clear_float\"><\/div><\/p><p><div class=\"sdm_fancy2_item \"><div class=\"sdm_fancy2_wrapper\"><div class=\"sdm_fancy2_download_item_top\"><div class=\"sdm_fancy2_download_thumbnail\"><\/div><\/div><div class=\"sdm_fancy2_download_title\">Outils pour l&#8217;entrepreneuriat<\/div><div class=\"sdm_fancy2_download_link\"><a href=\"https:\/\/mooc4tutors.eu\/?sdm_process_download=1&#038;download_id=1753\" class=\"sdm_fancy2_download_dl_link\" target=\"_self\">T\u00e9l\u00e9charger<\/a><\/div><\/div><\/div><div class=\"sdm_clear_float\"><\/div><\/p><p><div class=\"sdm_fancy2_item \"><div class=\"sdm_fancy2_wrapper\"><div class=\"sdm_fancy2_download_item_top\"><div class=\"sdm_fancy2_download_thumbnail\"><\/div><\/div><div class=\"sdm_fancy2_download_title\">Cadre l\u00e9gal<\/div><div class=\"sdm_fancy2_download_link\"><a href=\"https:\/\/mooc4tutors.eu\/?sdm_process_download=1&#038;download_id=1755\" class=\"sdm_fancy2_download_dl_link\" target=\"_self\">T\u00e9l\u00e9charger<\/a><\/div><\/div><\/div><div class=\"sdm_clear_float\"><\/div><\/p><p><div class=\"sdm_fancy2_item \"><div class=\"sdm_fancy2_wrapper\"><div class=\"sdm_fancy2_download_item_top\"><div class=\"sdm_fancy2_download_thumbnail\"><\/div><\/div><div class=\"sdm_fancy2_download_title\">Outils de marketing<\/div><div class=\"sdm_fancy2_download_link\"><a href=\"https:\/\/mooc4tutors.eu\/?sdm_process_download=1&#038;download_id=1757\" class=\"sdm_fancy2_download_dl_link\" target=\"_self\">T\u00e9l\u00e9charger<\/a><\/div><\/div><\/div><div class=\"sdm_clear_float\"><\/div><\/p><p><div class=\"sdm_fancy2_item \"><div class=\"sdm_fancy2_wrapper\"><div class=\"sdm_fancy2_download_item_top\"><div class=\"sdm_fancy2_download_thumbnail\"><\/div><\/div><div class=\"sdm_fancy2_download_title\">Prix et outils de march\u00e9<\/div><div class=\"sdm_fancy2_download_link\"><a href=\"https:\/\/mooc4tutors.eu\/?sdm_process_download=1&#038;download_id=1759\" class=\"sdm_fancy2_download_dl_link\" target=\"_self\">T\u00e9l\u00e9charger<\/a><\/div><\/div><\/div><div class=\"sdm_clear_float\"><\/div><\/p><p><div class=\"sdm_fancy2_item \"><div class=\"sdm_fancy2_wrapper\"><div class=\"sdm_fancy2_download_item_top\"><div class=\"sdm_fancy2_download_thumbnail\"><\/div><\/div><div class=\"sdm_fancy2_download_title\">Outils de gestion du temps<\/div><div class=\"sdm_fancy2_download_link\"><a href=\"https:\/\/mooc4tutors.eu\/?sdm_process_download=1&#038;download_id=1761\" class=\"sdm_fancy2_download_dl_link\" target=\"_self\">T\u00e9l\u00e9charger<\/a><\/div><\/div><\/div><div class=\"sdm_clear_float\"><\/div><\/p>\t\t\t\t\t\t<\/div>\n\t\t\t\t<\/div>\n\t\t\t\t\t<\/div>\n\t\t<\/div>\n\t\t\t\t\t\t\t<\/div>\n\t\t<\/section>\n\t\t\t\t<section class=\"elementor-section elementor-top-section elementor-element elementor-element-4cac569 elementor-section-boxed elementor-section-height-default elementor-section-height-default\" data-id=\"4cac569\" data-element_type=\"section\">\n\t\t\t\t\t\t<div class=\"elementor-container elementor-column-gap-default\">\n\t\t\t\t\t<div class=\"elementor-column elementor-col-100 elementor-top-column elementor-element elementor-element-f14810b\" data-id=\"f14810b\" data-element_type=\"column\">\n\t\t\t<div class=\"elementor-widget-wrap elementor-element-populated\">\n\t\t\t\t\t\t\t\t<div class=\"elementor-element elementor-element-a046192 elementor-widget-divider--view-line elementor-widget elementor-widget-divider\" data-id=\"a046192\" data-element_type=\"widget\" data-widget_type=\"divider.default\">\n\t\t\t\t<div class=\"elementor-widget-container\">\n\t\t\t<style>\/*! elementor - v3.18.0 - 06-12-2023 *\/\n.elementor-widget-divider{--divider-border-style:none;--divider-border-width:1px;--divider-color:#0c0d0e;--divider-icon-size:20px;--divider-element-spacing:10px;--divider-pattern-height:24px;--divider-pattern-size:20px;--divider-pattern-url:none;--divider-pattern-repeat:repeat-x}.elementor-widget-divider .elementor-divider{display:flex}.elementor-widget-divider .elementor-divider__text{font-size:15px;line-height:1;max-width:95%}.elementor-widget-divider .elementor-divider__element{margin:0 var(--divider-element-spacing);flex-shrink:0}.elementor-widget-divider .elementor-icon{font-size:var(--divider-icon-size)}.elementor-widget-divider .elementor-divider-separator{display:flex;margin:0;direction:ltr}.elementor-widget-divider--view-line_icon .elementor-divider-separator,.elementor-widget-divider--view-line_text .elementor-divider-separator{align-items:center}.elementor-widget-divider--view-line_icon .elementor-divider-separator:after,.elementor-widget-divider--view-line_icon .elementor-divider-separator:before,.elementor-widget-divider--view-line_text .elementor-divider-separator:after,.elementor-widget-divider--view-line_text .elementor-divider-separator:before{display:block;content:\"\";border-bottom:0;flex-grow:1;border-top:var(--divider-border-width) var(--divider-border-style) var(--divider-color)}.elementor-widget-divider--element-align-left .elementor-divider .elementor-divider-separator>.elementor-divider__svg:first-of-type{flex-grow:0;flex-shrink:100}.elementor-widget-divider--element-align-left .elementor-divider-separator:before{content:none}.elementor-widget-divider--element-align-left .elementor-divider__element{margin-left:0}.elementor-widget-divider--element-align-right .elementor-divider .elementor-divider-separator>.elementor-divider__svg:last-of-type{flex-grow:0;flex-shrink:100}.elementor-widget-divider--element-align-right .elementor-divider-separator:after{content:none}.elementor-widget-divider--element-align-right .elementor-divider__element{margin-right:0}.elementor-widget-divider:not(.elementor-widget-divider--view-line_text):not(.elementor-widget-divider--view-line_icon) .elementor-divider-separator{border-top:var(--divider-border-width) var(--divider-border-style) var(--divider-color)}.elementor-widget-divider--separator-type-pattern{--divider-border-style:none}.elementor-widget-divider--separator-type-pattern.elementor-widget-divider--view-line .elementor-divider-separator,.elementor-widget-divider--separator-type-pattern:not(.elementor-widget-divider--view-line) .elementor-divider-separator:after,.elementor-widget-divider--separator-type-pattern:not(.elementor-widget-divider--view-line) .elementor-divider-separator:before,.elementor-widget-divider--separator-type-pattern:not([class*=elementor-widget-divider--view]) .elementor-divider-separator{width:100%;min-height:var(--divider-pattern-height);-webkit-mask-size:var(--divider-pattern-size) 100%;mask-size:var(--divider-pattern-size) 100%;-webkit-mask-repeat:var(--divider-pattern-repeat);mask-repeat:var(--divider-pattern-repeat);background-color:var(--divider-color);-webkit-mask-image:var(--divider-pattern-url);mask-image:var(--divider-pattern-url)}.elementor-widget-divider--no-spacing{--divider-pattern-size:auto}.elementor-widget-divider--bg-round{--divider-pattern-repeat:round}.rtl .elementor-widget-divider .elementor-divider__text{direction:rtl}.e-con-inner>.elementor-widget-divider,.e-con>.elementor-widget-divider{width:var(--container-widget-width,100%);--flex-grow:var(--container-widget-flex-grow)}<\/style>\t\t<div class=\"elementor-divider\">\n\t\t\t<span class=\"elementor-divider-separator\">\n\t\t\t\t\t\t<\/span>\n\t\t<\/div>\n\t\t\t\t<\/div>\n\t\t\t\t<\/div>\n\t\t\t\t\t<\/div>\n\t\t<\/div>\n\t\t\t\t\t\t\t<\/div>\n\t\t<\/section>\n\t\t\t\t<section class=\"elementor-section elementor-top-section elementor-element elementor-element-39dde45 elementor-section-boxed elementor-section-height-default elementor-section-height-default\" data-id=\"39dde45\" data-element_type=\"section\">\n\t\t\t\t\t\t<div class=\"elementor-container elementor-column-gap-default\">\n\t\t\t\t\t<div class=\"elementor-column elementor-col-33 elementor-top-column elementor-element elementor-element-2aeb1b3\" data-id=\"2aeb1b3\" data-element_type=\"column\">\n\t\t\t<div class=\"elementor-widget-wrap elementor-element-populated\">\n\t\t\t\t\t\t\t\t<div class=\"elementor-element elementor-element-5c079b6 elementor-widget elementor-widget-image\" data-id=\"5c079b6\" data-element_type=\"widget\" data-widget_type=\"image.default\">\n\t\t\t\t<div class=\"elementor-widget-container\">\n\t\t\t<style>\/*! elementor - v3.18.0 - 06-12-2023 *\/\n.elementor-widget-image{text-align:center}.elementor-widget-image a{display:inline-block}.elementor-widget-image a img[src$=\".svg\"]{width:48px}.elementor-widget-image img{vertical-align:middle;display:inline-block}<\/style>\t\t\t\t\t\t\t\t\t\t\t\t<img fetchpriority=\"high\" decoding=\"async\" width=\"1024\" height=\"230\" src=\"https:\/\/mooc4tutors.eu\/wp-content\/uploads\/2023\/06\/FR_Co-fundedbytheEU_RGB_POS-1024x230.png\" class=\"attachment-large size-large wp-image-32\" alt=\"Cofinanc\u00e9 par l&#039;Union Europ\u00e9\u00e8nne\" srcset=\"https:\/\/mooc4tutors.eu\/wp-content\/uploads\/2023\/06\/FR_Co-fundedbytheEU_RGB_POS-1024x230.png 1024w, https:\/\/mooc4tutors.eu\/wp-content\/uploads\/2023\/06\/FR_Co-fundedbytheEU_RGB_POS-300x67.png 300w, https:\/\/mooc4tutors.eu\/wp-content\/uploads\/2023\/06\/FR_Co-fundedbytheEU_RGB_POS-768x173.png 768w, https:\/\/mooc4tutors.eu\/wp-content\/uploads\/2023\/06\/FR_Co-fundedbytheEU_RGB_POS-1536x345.png 1536w, https:\/\/mooc4tutors.eu\/wp-content\/uploads\/2023\/06\/FR_Co-fundedbytheEU_RGB_POS-2048x461.png 2048w\" sizes=\"(max-width: 1024px) 100vw, 1024px\" \/>\t\t\t\t\t\t\t\t\t\t\t\t\t\t\t<\/div>\n\t\t\t\t<\/div>\n\t\t\t\t\t<\/div>\n\t\t<\/div>\n\t\t\t\t<div class=\"elementor-column elementor-col-66 elementor-top-column elementor-element elementor-element-ca6ba86\" data-id=\"ca6ba86\" data-element_type=\"column\">\n\t\t\t<div class=\"elementor-widget-wrap elementor-element-populated\">\n\t\t\t\t\t\t\t\t<div class=\"elementor-element elementor-element-1146126 elementor-widget elementor-widget-text-editor\" data-id=\"1146126\" data-element_type=\"widget\" data-widget_type=\"text-editor.default\">\n\t\t\t\t<div class=\"elementor-widget-container\">\n\t\t\t\t\t\t\t<p>Cofinanc\u00e9 par l&#8217;Union europ\u00e9enne. Les points de vue et avis exprim\u00e9s n&#8217;engagent que leurs auteurs et ne refl\u00e8tent pas n\u00e9cessairement ceux de l&#8217;Union europ\u00e9enne ou de l&#8217;Agence ex\u00e9cutive europ\u00e9enne pour l&#8217;\u00e9ducation et la culture (EACEA). Ni l&#8217;Union europ\u00e9enne ni l&#8217;EACEA ne peuvent en \u00eatre tenues responsables.<\/p><p>\u00a0<\/p><p>(Code du projet : 2022-2-BE01-KA220-VET-000097289).<\/p>\t\t\t\t\t\t<\/div>\n\t\t\t\t<\/div>\n\t\t\t\t\t<\/div>\n\t\t<\/div>\n\t\t\t\t\t\t\t<\/div>\n\t\t<\/section>\n\t\t\t\t\t\t\t<\/div>\n\t\t","protected":false},"excerpt":{"rendered":"<p>Bo\u00eete \u00e0 outils du freelance de l&#8217;\u00e9ducation Am\u00e9liorez votre carri\u00e8re d&#8217;enseignant ind\u00e9pendant gr\u00e2ce \u00e0 notre bo\u00eete \u00e0 outils tout-en-un. D\u00e9couvrez des ressources essentielles en mati\u00e8re de marketing, de gestion du temps, de strat\u00e9gies de tarification, etc. Vous disposerez ainsi des outils n\u00e9cessaires pour r\u00e9ussir et prosp\u00e9rer en tant qu&#8217;\u00e9ducateur ind\u00e9pendant. Cofinanc\u00e9 par l&#8217;Union europ\u00e9enne. Les &hellip;<\/p>\n<p class=\"read-more\"> <a class=\"\" href=\"https:\/\/mooc4tutors.eu\/?page_id=2164&#038;lang=fr\"> <span class=\"screen-reader-text\">Education freelancer toolkit<\/span> Read More &raquo;<\/a><\/p>\n","protected":false},"author":1,"featured_media":0,"parent":2109,"menu_order":0,"comment_status":"closed","ping_status":"closed","template":"","meta":{"site-sidebar-layout":"no-sidebar","site-content-layout":"page-builder","ast-global-header-display":"","ast-banner-title-visibility":"","ast-main-header-display":"","ast-hfb-above-header-display":"","ast-hfb-below-header-display":"","ast-hfb-mobile-header-display":"","site-post-title":"disabled","ast-breadcrumbs-content":"","ast-featured-img":"disabled","footer-sml-layout":"","theme-transparent-header-meta":"","adv-header-id-meta":"","stick-header-meta":"","header-above-stick-meta":"","header-main-stick-meta":"","header-below-stick-meta":"","footnotes":""},"class_list":["post-2164","page","type-page","status-publish","hentry"],"_links":{"self":[{"href":"https:\/\/mooc4tutors.eu\/index.php?rest_route=\/wp\/v2\/pages\/2164","targetHints":{"allow":["GET"]}}],"collection":[{"href":"https:\/\/mooc4tutors.eu\/index.php?rest_route=\/wp\/v2\/pages"}],"about":[{"href":"https:\/\/mooc4tutors.eu\/index.php?rest_route=\/wp\/v2\/types\/page"}],"author":[{"embeddable":true,"href":"https:\/\/mooc4tutors.eu\/index.php?rest_route=\/wp\/v2\/users\/1"}],"replies":[{"embeddable":true,"href":"https:\/\/mooc4tutors.eu\/index.php?rest_route=%2Fwp%2Fv2%2Fcomments&post=2164"}],"version-history":[{"count":10,"href":"https:\/\/mooc4tutors.eu\/index.php?rest_route=\/wp\/v2\/pages\/2164\/revisions"}],"predecessor-version":[{"id":2219,"href":"https:\/\/mooc4tutors.eu\/index.php?rest_route=\/wp\/v2\/pages\/2164\/revisions\/2219"}],"up":[{"embeddable":true,"href":"https:\/\/mooc4tutors.eu\/index.php?rest_route=\/wp\/v2\/pages\/2109"}],"wp:attachment":[{"href":"https:\/\/mooc4tutors.eu\/index.php?rest_route=%2Fwp%2Fv2%2Fmedia&parent=2164"}],"curies":[{"name":"wp","href":"https:\/\/api.w.org\/{rel}","templated":true}]}}