{"id":165,"date":"2023-07-07T13:05:51","date_gmt":"2023-07-07T13:05:51","guid":{"rendered":"http:\/\/mooc4tutors.eu\/?page_id=165"},"modified":"2025-09-29T12:04:41","modified_gmt":"2025-09-29T12:04:41","slug":"a-propos","status":"publish","type":"page","link":"https:\/\/mooc4tutors.eu\/?page_id=165&lang=fr","title":{"rendered":"\u00c0 propos"},"content":{"rendered":"\t\t<div data-elementor-type=\"wp-page\" data-elementor-id=\"165\" class=\"elementor elementor-165\">\n\t\t\t\t\t\t\t\t\t<section class=\"elementor-section elementor-top-section elementor-element elementor-element-15237e9 elementor-section-boxed elementor-section-height-default elementor-section-height-default\" data-id=\"15237e9\" data-element_type=\"section\">\n\t\t\t\t\t\t<div class=\"elementor-container elementor-column-gap-default\">\n\t\t\t\t\t<div class=\"elementor-column elementor-col-100 elementor-top-column elementor-element elementor-element-c3dff1a\" data-id=\"c3dff1a\" data-element_type=\"column\">\n\t\t\t<div class=\"elementor-widget-wrap elementor-element-populated\">\n\t\t\t\t\t\t\t\t<div class=\"elementor-element elementor-element-6e97ee3 elementor-view-default elementor-position-top elementor-mobile-position-top elementor-widget elementor-widget-icon-box\" data-id=\"6e97ee3\" data-element_type=\"widget\" data-widget_type=\"icon-box.default\">\n\t\t\t\t<div class=\"elementor-widget-container\">\n\t\t\t<link rel=\"stylesheet\" href=\"https:\/\/mooc4tutors.eu\/wp-content\/plugins\/elementor\/assets\/css\/widget-icon-box.min.css\">\t\t<div class=\"elementor-icon-box-wrapper\">\n\t\t\t\t\t\t<div class=\"elementor-icon-box-icon\">\n\t\t\t\t<span  class=\"elementor-icon elementor-animation-\">\n\t\t\t\t<i aria-hidden=\"true\" class=\"fas fa-comment\"><\/i>\t\t\t\t<\/span>\n\t\t\t<\/div>\n\t\t\t\t\t\t<div class=\"elementor-icon-box-content\">\n\t\t\t\t<h3 class=\"elementor-icon-box-title\">\n\t\t\t\t\t<span  >\n\t\t\t\t\t\t\u00c0 PROPOS\t\t\t\t\t<\/span>\n\t\t\t\t<\/h3>\n\t\t\t\t\t\t\t<\/div>\n\t\t<\/div>\n\t\t\t\t<\/div>\n\t\t\t\t<\/div>\n\t\t\t\t<div class=\"elementor-element elementor-element-2f535da elementor-widget-divider--view-line elementor-widget elementor-widget-divider\" data-id=\"2f535da\" data-element_type=\"widget\" data-widget_type=\"divider.default\">\n\t\t\t\t<div class=\"elementor-widget-container\">\n\t\t\t<style>\/*! elementor - v3.18.0 - 06-12-2023 *\/\n.elementor-widget-divider{--divider-border-style:none;--divider-border-width:1px;--divider-color:#0c0d0e;--divider-icon-size:20px;--divider-element-spacing:10px;--divider-pattern-height:24px;--divider-pattern-size:20px;--divider-pattern-url:none;--divider-pattern-repeat:repeat-x}.elementor-widget-divider .elementor-divider{display:flex}.elementor-widget-divider .elementor-divider__text{font-size:15px;line-height:1;max-width:95%}.elementor-widget-divider .elementor-divider__element{margin:0 var(--divider-element-spacing);flex-shrink:0}.elementor-widget-divider .elementor-icon{font-size:var(--divider-icon-size)}.elementor-widget-divider .elementor-divider-separator{display:flex;margin:0;direction:ltr}.elementor-widget-divider--view-line_icon .elementor-divider-separator,.elementor-widget-divider--view-line_text .elementor-divider-separator{align-items:center}.elementor-widget-divider--view-line_icon .elementor-divider-separator:after,.elementor-widget-divider--view-line_icon .elementor-divider-separator:before,.elementor-widget-divider--view-line_text .elementor-divider-separator:after,.elementor-widget-divider--view-line_text .elementor-divider-separator:before{display:block;content:\"\";border-bottom:0;flex-grow:1;border-top:var(--divider-border-width) var(--divider-border-style) var(--divider-color)}.elementor-widget-divider--element-align-left .elementor-divider .elementor-divider-separator>.elementor-divider__svg:first-of-type{flex-grow:0;flex-shrink:100}.elementor-widget-divider--element-align-left .elementor-divider-separator:before{content:none}.elementor-widget-divider--element-align-left .elementor-divider__element{margin-left:0}.elementor-widget-divider--element-align-right .elementor-divider .elementor-divider-separator>.elementor-divider__svg:last-of-type{flex-grow:0;flex-shrink:100}.elementor-widget-divider--element-align-right .elementor-divider-separator:after{content:none}.elementor-widget-divider--element-align-right .elementor-divider__element{margin-right:0}.elementor-widget-divider:not(.elementor-widget-divider--view-line_text):not(.elementor-widget-divider--view-line_icon) .elementor-divider-separator{border-top:var(--divider-border-width) var(--divider-border-style) var(--divider-color)}.elementor-widget-divider--separator-type-pattern{--divider-border-style:none}.elementor-widget-divider--separator-type-pattern.elementor-widget-divider--view-line .elementor-divider-separator,.elementor-widget-divider--separator-type-pattern:not(.elementor-widget-divider--view-line) .elementor-divider-separator:after,.elementor-widget-divider--separator-type-pattern:not(.elementor-widget-divider--view-line) .elementor-divider-separator:before,.elementor-widget-divider--separator-type-pattern:not([class*=elementor-widget-divider--view]) .elementor-divider-separator{width:100%;min-height:var(--divider-pattern-height);-webkit-mask-size:var(--divider-pattern-size) 100%;mask-size:var(--divider-pattern-size) 100%;-webkit-mask-repeat:var(--divider-pattern-repeat);mask-repeat:var(--divider-pattern-repeat);background-color:var(--divider-color);-webkit-mask-image:var(--divider-pattern-url);mask-image:var(--divider-pattern-url)}.elementor-widget-divider--no-spacing{--divider-pattern-size:auto}.elementor-widget-divider--bg-round{--divider-pattern-repeat:round}.rtl .elementor-widget-divider .elementor-divider__text{direction:rtl}.e-con-inner>.elementor-widget-divider,.e-con>.elementor-widget-divider{width:var(--container-widget-width,100%);--flex-grow:var(--container-widget-flex-grow)}<\/style>\t\t<div class=\"elementor-divider\">\n\t\t\t<span class=\"elementor-divider-separator\">\n\t\t\t\t\t\t<\/span>\n\t\t<\/div>\n\t\t\t\t<\/div>\n\t\t\t\t<\/div>\n\t\t\t\t<div class=\"elementor-element elementor-element-adc0f9b elementor-widget elementor-widget-text-editor\" data-id=\"adc0f9b\" data-element_type=\"widget\" data-widget_type=\"text-editor.default\">\n\t\t\t\t<div class=\"elementor-widget-container\">\n\t\t\t<style>\/*! elementor - v3.18.0 - 06-12-2023 *\/\n.elementor-widget-text-editor.elementor-drop-cap-view-stacked .elementor-drop-cap{background-color:#69727d;color:#fff}.elementor-widget-text-editor.elementor-drop-cap-view-framed .elementor-drop-cap{color:#69727d;border:3px solid;background-color:transparent}.elementor-widget-text-editor:not(.elementor-drop-cap-view-default) .elementor-drop-cap{margin-top:8px}.elementor-widget-text-editor:not(.elementor-drop-cap-view-default) .elementor-drop-cap-letter{width:1em;height:1em}.elementor-widget-text-editor .elementor-drop-cap{float:left;text-align:center;line-height:1;font-size:50px}.elementor-widget-text-editor .elementor-drop-cap-letter{display:inline-block}<\/style>\t\t\t\t<p class=\"MsoNormal\"><span lang=\"FR\" style=\"font-size: 12.0pt; line-height: 115%; mso-fareast-font-family: 'MS Gothic'; mso-fareast-theme-font: major-fareast; mso-ansi-language: FR;\">Le m\u00e9tier de professeur particulier peut \u00eatre tr\u00e8s gratifiant. Le soutien scolaire est de plus en plus demand\u00e9, et aider les \u00e9l\u00e8ves peut offrir d&#8217;excellentes possibilit\u00e9s de travail et des exp\u00e9riences gratifiantes tant sur le plan personnel que professionnel. <\/span><\/p><p><span lang=\"FR\" style=\"font-size: 12.0pt; line-height: 115%; font-family: 'Arial',sans-serif; mso-fareast-font-family: 'MS Gothic'; mso-fareast-theme-font: major-fareast; mso-ansi-language: FR; mso-fareast-language: #2000; mso-bidi-language: AR-SA;\">Cependant, travailler en tant qu&#8217;ind\u00e9pendant dans le domaine de l&#8217;\u00e9ducation comporte \u00e9galement des d\u00e9fis : les professeurs particuliers doivent cr\u00e9er leur propre r\u00e9seau professionnel, rester \u00e0 jour en ce qui concerne les derni\u00e8res avanc\u00e9es p\u00e9dagogiques et adapter leur pratique aux besoins d&#8217;une grande vari\u00e9t\u00e9<br \/>d&#8217;\u00e9l\u00e8ves. Nous souhaitons aider les professeurs particuliers \u00e0 atteindre ces objectifs.<\/span><\/p><p><span style=\"font-size: 12pt; font-style: inherit; font-weight: inherit; color: var( --e-global-color-text );\">En fournissant du mat\u00e9riel d&#8217;apprentissage et de soutien con\u00e7u sp\u00e9cifiquement pour les travailleurs ind\u00e9pendants dans le domaine de l&#8217;\u00e9ducation, Mooc4Tutors vise \u00e0 aider les professeurs particuliers \u00e0 d\u00e9velopper des comp\u00e9tences p\u00e9dagogiques qui leur permettront de favoriser la r\u00e9ussite de leurs \u00e9l\u00e8ves.<\/span><\/p><p class=\"MsoNormal\"><span style=\"font-size: 12pt; font-style: inherit; font-weight: inherit; color: var( --e-global-color-text );\">Nous pensons que l\u2019un des aspects centraux des cours particuliers est d&#8217;aider les \u00e9l\u00e8ves \u00e0 devenir des apprenants actifs. Par cons\u00e9quent, nous voulons fournir aux professeurs particuliers les ressources n\u00e9cessaires pour aider leurs \u00e9l\u00e8ves \u00e0 d\u00e9velopper la comp\u00e9tence &#8220;apprendre \u00e0 apprendre&#8221;. L&#8217;objectif final est de soutenir les professeurs particuliers dans leur formation professionnelle continue, cr\u00e9ant ainsi de meilleures opportunit\u00e9s dans l&#8217;\u00e9ducation et \u00e9tablissant un soutien scolaire de meilleure qualit\u00e9.<\/span><\/p>\t\t\t\t\t\t<\/div>\n\t\t\t\t<\/div>\n\t\t\t\t\t<\/div>\n\t\t<\/div>\n\t\t\t\t\t\t\t<\/div>\n\t\t<\/section>\n\t\t\t\t<section class=\"elementor-section elementor-top-section elementor-element elementor-element-1e0e730 elementor-section-boxed elementor-section-height-default elementor-section-height-default\" data-id=\"1e0e730\" data-element_type=\"section\">\n\t\t\t\t\t\t<div class=\"elementor-container elementor-column-gap-default\">\n\t\t\t\t\t<div class=\"elementor-column elementor-col-100 elementor-top-column elementor-element elementor-element-b216edd\" data-id=\"b216edd\" data-element_type=\"column\">\n\t\t\t<div class=\"elementor-widget-wrap elementor-element-populated\">\n\t\t\t\t\t\t\t\t<div class=\"elementor-element elementor-element-8e4e9fc elementor-widget__width-initial elementor-widget elementor-widget-image\" data-id=\"8e4e9fc\" data-element_type=\"widget\" data-widget_type=\"image.default\">\n\t\t\t\t<div class=\"elementor-widget-container\">\n\t\t\t<style>\/*! elementor - v3.18.0 - 06-12-2023 *\/\n.elementor-widget-image{text-align:center}.elementor-widget-image a{display:inline-block}.elementor-widget-image a img[src$=\".svg\"]{width:48px}.elementor-widget-image img{vertical-align:middle;display:inline-block}<\/style>\t\t\t\t\t\t\t\t\t\t\t\t<img fetchpriority=\"high\" decoding=\"async\" width=\"768\" height=\"506\" src=\"https:\/\/mooc4tutors.eu\/wp-content\/uploads\/2023\/07\/Mooc4tutors-graphic-elements-1-768x506.png\" class=\"attachment-medium_large size-medium_large wp-image-156\" alt=\"\" srcset=\"https:\/\/mooc4tutors.eu\/wp-content\/uploads\/2023\/07\/Mooc4tutors-graphic-elements-1-768x506.png 768w, https:\/\/mooc4tutors.eu\/wp-content\/uploads\/2023\/07\/Mooc4tutors-graphic-elements-1-300x198.png 300w, https:\/\/mooc4tutors.eu\/wp-content\/uploads\/2023\/07\/Mooc4tutors-graphic-elements-1-1024x675.png 1024w, https:\/\/mooc4tutors.eu\/wp-content\/uploads\/2023\/07\/Mooc4tutors-graphic-elements-1.png 1518w\" sizes=\"(max-width: 768px) 100vw, 768px\" \/>\t\t\t\t\t\t\t\t\t\t\t\t\t\t\t<\/div>\n\t\t\t\t<\/div>\n\t\t\t\t\t<\/div>\n\t\t<\/div>\n\t\t\t\t\t\t\t<\/div>\n\t\t<\/section>\n\t\t\t\t<section class=\"elementor-section elementor-top-section elementor-element elementor-element-1c9bf39 elementor-section-boxed elementor-section-height-default elementor-section-height-default\" data-id=\"1c9bf39\" data-element_type=\"section\">\n\t\t\t\t\t\t<div class=\"elementor-container elementor-column-gap-default\">\n\t\t\t\t\t<div class=\"elementor-column elementor-col-100 elementor-top-column elementor-element elementor-element-6d7c850\" data-id=\"6d7c850\" data-element_type=\"column\">\n\t\t\t<div class=\"elementor-widget-wrap elementor-element-populated\">\n\t\t\t\t\t\t\t\t<div class=\"elementor-element elementor-element-956c000 elementor-widget elementor-widget-text-editor\" data-id=\"956c000\" data-element_type=\"widget\" data-widget_type=\"text-editor.default\">\n\t\t\t\t<div class=\"elementor-widget-container\">\n\t\t\t\t\t\t\t<p><span lang=\"FR\" style=\"font-size: 12.0pt; line-height: 115%; mso-fareast-font-family: 'MS Gothic'; mso-fareast-theme-font: major-fareast; mso-ansi-language: FR;\">Dans le cadre de ce projet, nous avons cr\u00e9\u00e9 un livret pr\u00e9sentant le cadre juridique et les exigences sp\u00e9cifiques des professeurs particuliers en Europe, ainsi qu\u2019un cours en ligne (MOOC) couvrant les aspects les plus pertinents des cours particuliers tout en mettant l&#8217;accent sur les \u00e9l\u00e9ments inclusifs de l&#8217;\u00e9ducation. En outre, nous proposons des supports pr\u00eats \u00e0 l&#8217;emploi que les professeurs particuliers peuvent utiliser dans leur cours et adapter \u00e0 leurs apprenants. Tous les supports sont disponibles gratuitement.<\/span><\/p><p><span lang=\"FR\" style=\"font-size: 12.0pt; line-height: 115%; mso-fareast-font-family: 'MS Gothic'; mso-fareast-theme-font: major-fareast; mso-ansi-language: FR;\">Des professeurs particuliers ont test\u00e9 le mat\u00e9riel et des sp\u00e9cialistes en mati\u00e8re de p\u00e9dagogie nous ont fournit un feedback. Le partenariat tient compte de leurs conseils et recommandations et a enrichi et affin\u00e9 le contenu pour mieux r\u00e9pondre aux besoins des parties prenantes. Notre objectif est de produire un contenu de haute qualit\u00e9 qui am\u00e9liore les comp\u00e9tences de ceux qui soutiennent l&#8217;\u00e9ducation d\u2019autres personnes.<i>\u00a0<\/i><\/span><\/p><p><b style=\"font-size: 12pt; font-style: inherit; color: var( --e-global-color-text ); font-family: var( --e-global-typography-text-font-family ), Sans-serif;\">Consultez le site Web du projet et suivez les r\u00e9seaux sociaux des partenaires afin d\u2019avoir des informations \u00e0 propos de nos ressources !<\/b><\/p>\t\t\t\t\t\t<\/div>\n\t\t\t\t<\/div>\n\t\t\t\t<div class=\"elementor-element elementor-element-7da404e elementor-widget elementor-widget-spacer\" data-id=\"7da404e\" data-element_type=\"widget\" data-widget_type=\"spacer.default\">\n\t\t\t\t<div class=\"elementor-widget-container\">\n\t\t\t<style>\/*! elementor - v3.18.0 - 06-12-2023 *\/\n.elementor-column .elementor-spacer-inner{height:var(--spacer-size)}.e-con{--container-widget-width:100%}.e-con-inner>.elementor-widget-spacer,.e-con>.elementor-widget-spacer{width:var(--container-widget-width,var(--spacer-size));--align-self:var(--container-widget-align-self,initial);--flex-shrink:0}.e-con-inner>.elementor-widget-spacer>.elementor-widget-container,.e-con>.elementor-widget-spacer>.elementor-widget-container{height:100%;width:100%}.e-con-inner>.elementor-widget-spacer>.elementor-widget-container>.elementor-spacer,.e-con>.elementor-widget-spacer>.elementor-widget-container>.elementor-spacer{height:100%}.e-con-inner>.elementor-widget-spacer>.elementor-widget-container>.elementor-spacer>.elementor-spacer-inner,.e-con>.elementor-widget-spacer>.elementor-widget-container>.elementor-spacer>.elementor-spacer-inner{height:var(--container-widget-height,var(--spacer-size))}.e-con-inner>.elementor-widget-spacer.elementor-widget-empty,.e-con>.elementor-widget-spacer.elementor-widget-empty{position:relative;min-height:22px;min-width:22px}.e-con-inner>.elementor-widget-spacer.elementor-widget-empty .elementor-widget-empty-icon,.e-con>.elementor-widget-spacer.elementor-widget-empty .elementor-widget-empty-icon{position:absolute;top:0;bottom:0;left:0;right:0;margin:auto;padding:0;width:22px;height:22px}<\/style>\t\t<div class=\"elementor-spacer\">\n\t\t\t<div class=\"elementor-spacer-inner\"><\/div>\n\t\t<\/div>\n\t\t\t\t<\/div>\n\t\t\t\t<\/div>\n\t\t\t\t\t<\/div>\n\t\t<\/div>\n\t\t\t\t\t\t\t<\/div>\n\t\t<\/section>\n\t\t\t\t<section class=\"elementor-section elementor-top-section elementor-element elementor-element-45ad3c2 elementor-section-boxed elementor-section-height-default elementor-section-height-default\" data-id=\"45ad3c2\" data-element_type=\"section\">\n\t\t\t\t\t\t<div class=\"elementor-container elementor-column-gap-default\">\n\t\t\t\t\t<div class=\"elementor-column elementor-col-33 elementor-top-column elementor-element elementor-element-15042db\" data-id=\"15042db\" data-element_type=\"column\">\n\t\t\t<div class=\"elementor-widget-wrap elementor-element-populated\">\n\t\t\t\t\t\t\t\t<div class=\"elementor-element elementor-element-ee4e9e0 elementor-widget elementor-widget-image\" data-id=\"ee4e9e0\" data-element_type=\"widget\" data-widget_type=\"image.default\">\n\t\t\t\t<div class=\"elementor-widget-container\">\n\t\t\t\t\t\t\t\t\t\t\t\t\t\t\t<img decoding=\"async\" width=\"1024\" height=\"230\" src=\"https:\/\/mooc4tutors.eu\/wp-content\/uploads\/2023\/06\/FR_Co-fundedbytheEU_RGB_POS-1024x230.png\" class=\"attachment-large size-large wp-image-32\" alt=\"Cofinanc\u00e9 par l&#039;Union Europ\u00e9\u00e8nne\" srcset=\"https:\/\/mooc4tutors.eu\/wp-content\/uploads\/2023\/06\/FR_Co-fundedbytheEU_RGB_POS-1024x230.png 1024w, https:\/\/mooc4tutors.eu\/wp-content\/uploads\/2023\/06\/FR_Co-fundedbytheEU_RGB_POS-300x67.png 300w, https:\/\/mooc4tutors.eu\/wp-content\/uploads\/2023\/06\/FR_Co-fundedbytheEU_RGB_POS-768x173.png 768w, https:\/\/mooc4tutors.eu\/wp-content\/uploads\/2023\/06\/FR_Co-fundedbytheEU_RGB_POS-1536x345.png 1536w, https:\/\/mooc4tutors.eu\/wp-content\/uploads\/2023\/06\/FR_Co-fundedbytheEU_RGB_POS-2048x461.png 2048w\" sizes=\"(max-width: 1024px) 100vw, 1024px\" \/>\t\t\t\t\t\t\t\t\t\t\t\t\t\t\t<\/div>\n\t\t\t\t<\/div>\n\t\t\t\t\t<\/div>\n\t\t<\/div>\n\t\t\t\t<div class=\"elementor-column elementor-col-66 elementor-top-column elementor-element elementor-element-fe36784\" data-id=\"fe36784\" data-element_type=\"column\">\n\t\t\t<div class=\"elementor-widget-wrap elementor-element-populated\">\n\t\t\t\t\t\t\t\t<div class=\"elementor-element elementor-element-549d0c3 elementor-widget elementor-widget-text-editor\" data-id=\"549d0c3\" data-element_type=\"widget\" data-widget_type=\"text-editor.default\">\n\t\t\t\t<div class=\"elementor-widget-container\">\n\t\t\t\t\t\t\t<p>Cofinanc\u00e9 par l&#8217;Union europ\u00e9enne. Les points de vue et avis exprim\u00e9s n&#8217;engagent que leurs auteurs et ne refl\u00e8tent pas n\u00e9cessairement ceux de l&#8217;Union europ\u00e9enne ou de l&#8217;Agence ex\u00e9cutive europ\u00e9enne pour l&#8217;\u00e9ducation et la culture (EACEA). Ni l&#8217;Union europ\u00e9enne ni l&#8217;EACEA ne peuvent en \u00eatre tenues responsables.<\/p><p><span data-contrast=\"auto\">(Code du projet:<\/span> <span data-contrast=\"auto\">2022-2-BE01-KA220-VET-000097289<\/span><span data-contrast=\"none\">)<\/span><span data-ccp-props=\"{&quot;201341983&quot;:0,&quot;335559739&quot;:200,&quot;335559740&quot;:276}\">\u00a0<\/span><\/p>\t\t\t\t\t\t<\/div>\n\t\t\t\t<\/div>\n\t\t\t\t\t<\/div>\n\t\t<\/div>\n\t\t\t\t\t\t\t<\/div>\n\t\t<\/section>\n\t\t\t\t\t\t\t<\/div>\n\t\t","protected":false},"excerpt":{"rendered":"<p>\u00c0 PROPOS Le m\u00e9tier de professeur particulier peut \u00eatre tr\u00e8s gratifiant. Le soutien scolaire est de plus en plus demand\u00e9, et aider les \u00e9l\u00e8ves peut offrir d&#8217;excellentes possibilit\u00e9s de travail et des exp\u00e9riences gratifiantes tant sur le plan personnel que professionnel. Cependant, travailler en tant qu&#8217;ind\u00e9pendant dans le domaine de l&#8217;\u00e9ducation comporte \u00e9galement des d\u00e9fis &hellip;<\/p>\n<p class=\"read-more\"> <a class=\"\" href=\"https:\/\/mooc4tutors.eu\/?page_id=165&#038;lang=fr\"> <span class=\"screen-reader-text\">\u00c0 propos<\/span> Read More &raquo;<\/a><\/p>\n","protected":false},"author":1,"featured_media":0,"parent":0,"menu_order":0,"comment_status":"closed","ping_status":"closed","template":"","meta":{"site-sidebar-layout":"no-sidebar","site-content-layout":"page-builder","ast-global-header-display":"","ast-banner-title-visibility":"","ast-main-header-display":"","ast-hfb-above-header-display":"","ast-hfb-below-header-display":"","ast-hfb-mobile-header-display":"","site-post-title":"disabled","ast-breadcrumbs-content":"","ast-featured-img":"disabled","footer-sml-layout":"","theme-transparent-header-meta":"","adv-header-id-meta":"","stick-header-meta":"","header-above-stick-meta":"","header-main-stick-meta":"","header-below-stick-meta":"","footnotes":""},"class_list":["post-165","page","type-page","status-publish","hentry"],"_links":{"self":[{"href":"https:\/\/mooc4tutors.eu\/index.php?rest_route=\/wp\/v2\/pages\/165","targetHints":{"allow":["GET"]}}],"collection":[{"href":"https:\/\/mooc4tutors.eu\/index.php?rest_route=\/wp\/v2\/pages"}],"about":[{"href":"https:\/\/mooc4tutors.eu\/index.php?rest_route=\/wp\/v2\/types\/page"}],"author":[{"embeddable":true,"href":"https:\/\/mooc4tutors.eu\/index.php?rest_route=\/wp\/v2\/users\/1"}],"replies":[{"embeddable":true,"href":"https:\/\/mooc4tutors.eu\/index.php?rest_route=%2Fwp%2Fv2%2Fcomments&post=165"}],"version-history":[{"count":22,"href":"https:\/\/mooc4tutors.eu\/index.php?rest_route=\/wp\/v2\/pages\/165\/revisions"}],"predecessor-version":[{"id":3438,"href":"https:\/\/mooc4tutors.eu\/index.php?rest_route=\/wp\/v2\/pages\/165\/revisions\/3438"}],"wp:attachment":[{"href":"https:\/\/mooc4tutors.eu\/index.php?rest_route=%2Fwp%2Fv2%2Fmedia&parent=165"}],"curies":[{"name":"wp","href":"https:\/\/api.w.org\/{rel}","templated":true}]}}